{"id":8571,"date":"2019-11-25T16:54:49","date_gmt":"2019-11-25T16:54:49","guid":{"rendered":"https:\/\/yachtwatersports.com\/quienes-somos\/"},"modified":"2026-03-06T09:06:02","modified_gmt":"2026-03-06T08:06:02","slug":"quienes-somos","status":"publish","type":"page","link":"https:\/\/yachtwatersports.com\/es\/quienes-somos\/","title":{"rendered":"Qui\u00e9nes somos | Centro de motos de agua en Ibiza | jetski.club"},"content":{"rendered":"<p>[et_pb_section fb_built=&#8221;1&#8243; fullwidth=&#8221;on&#8221; _builder_version=&#8221;4.16&#8243; background_color=&#8221;#303030&#8243; global_colors_info=&#8221;{}&#8221;][et_pb_fullwidth_slider _builder_version=&#8221;4.27.4&#8243; header_level=&#8221;h6&#8243; header_font=&#8221;||||||||&#8221; header_line_height=&#8221;1.2em&#8221; background_image=&#8221;https:\/\/yachtwatersports.com\/wp-content\/uploads\/2026\/03\/jetski-club-ibiza-jetski-center.webp&#8221; min_height=&#8221;460px&#8221; custom_margin=&#8221;12px||40px||false|false&#8221; custom_padding=&#8221;333px||0px|||&#8221; hover_enabled=&#8221;0&#8243; global_colors_info=&#8221;{}&#8221; alt=&#8221;Sea-Doo jet skis at jetski.club Ibiza jet ski center platform in Santa Eulalia Marina, premium license-free jet ski tours in Ibiza<br \/>\n&#8221; title_text=&#8221;jetski-club-ibiza-jetski-center&#8221; sticky_enabled=&#8221;0&#8243;][et_pb_slide heading=&#8221;JETSKI.CLUB IBIZA&#8221; use_bg_overlay=&#8221;on&#8221; bg_overlay_color=&#8221;rgba(15,15,15,0.64)&#8221; use_text_overlay=&#8221;off&#8221; _builder_version=&#8221;4.16&#8243; header_font=&#8221;||||||||&#8221; header_font_size=&#8221;45px&#8221; body_font=&#8221;||||||||&#8221; body_font_size=&#8221;13px&#8221; global_colors_info=&#8221;{}&#8221; sticky_transition=&#8221;on&#8221;][\/et_pb_slide][\/et_pb_fullwidth_slider][\/et_pb_section][et_pb_section fb_built=&#8221;1&#8243; _builder_version=&#8221;4.16&#8243; custom_padding=&#8221;3px||33px|||&#8221; global_colors_info=&#8221;{}&#8221;][et_pb_row column_structure=&#8221;1_2,1_2&#8243; _builder_version=&#8221;4.16&#8243; custom_margin=&#8221;|||||&#8221; custom_margin_last_edited=&#8221;off|desktop&#8221; global_colors_info=&#8221;{}&#8221;][et_pb_column type=&#8221;1_2&#8243; _builder_version=&#8221;4.16&#8243; custom_padding=&#8221;|||&#8221; global_colors_info=&#8221;{}&#8221; custom_padding__hover=&#8221;|||&#8221;][et_pb_text _builder_version=&#8221;4.16&#8243; header_font=&#8221;|300|||||||&#8221; global_colors_info=&#8221;{}&#8221;]<\/p>\n<h1 style=\"text-align: center;\">QUIENES SOMOS<\/h1>\n<p>[\/et_pb_text][et_pb_text _builder_version=&#8221;4.27.4&#8243; custom_margin=&#8221;33px|||||&#8221; global_colors_info=&#8221;{}&#8221;]<\/p>\n<p data-start=\"251\" data-end=\"444\"><strong data-start=\"251\" data-end=\"292\"><span class=\"hover:entity-accent entity-underline inline cursor-pointer align-baseline\"><span class=\"whitespace-normal\">Yacht Watersports Ibiza<\/span><\/span><\/strong> se cre\u00f3 tras muchos a\u00f1os de experiencia directa ofreciendo servicios de deportes acu\u00e1ticos a una clientela internacional y altamente exigente en Ibiza.<\/p>\n<p data-start=\"446\" data-end=\"852\">Con el tiempo, esa experiencia evolucion\u00f3 hacia una especializaci\u00f3n clara y definida. Hoy, Yacht Watersports se ha convertido en <strong data-start=\"575\" data-end=\"616\"><span class=\"hover:entity-accent entity-underline inline cursor-pointer align-baseline\"><span class=\"whitespace-normal\">jetski.club Ibiza<\/span><\/span><\/strong>, una marca dedicada exclusivamente al <strong data-start=\"655\" data-end=\"737\">alquiler de motos de agua y a las excursiones guiadas en moto de agua en Ibiza<\/strong>, operando desde la <strong data-start=\"757\" data-end=\"798\"><span class=\"hover:entity-accent entity-underline inline cursor-pointer align-baseline\"><span class=\"whitespace-normal\">Marina Santa Eulalia<\/span><\/span><\/strong>, una de las ubicaciones m\u00e1s privilegiadas de la isla.<\/p>\n<p data-start=\"854\" data-end=\"1290\">Actualmente nos centramos \u00fanicamente en el <strong data-start=\"897\" data-end=\"935\">alquiler de motos de agua en Ibiza<\/strong>, ofreciendo motos Sea-Doo modernas, instructores profesionales y <strong data-start=\"1001\" data-end=\"1065\">uno de los centros de motos de agua mejor equipados de Ibiza<\/strong>, con instalaciones premium pensadas para la comodidad, la seguridad y la eficiencia. Nuestro centro cuenta con zonas de briefing dedicadas, \u00e1reas de espera con sombra, taquillas, duchas de agua dulce y acceso directo al mar.<\/p>\n<p data-start=\"1292\" data-end=\"1689\">Jetski.club Ibiza es reconocido por sus <strong data-start=\"1332\" data-end=\"1364\">altos est\u00e1ndares de servicio<\/strong>, sus <strong data-start=\"1370\" data-end=\"1420\">excursiones en moto de agua bien estructuradas<\/strong> y un equipo profesional con amplia experiencia local e internacional. Nuestra operativa est\u00e1 dise\u00f1ada para clientes que buscan <strong data-start=\"1548\" data-end=\"1594\">alquiler de motos de agua en Santa Eulalia<\/strong>, <strong data-start=\"1596\" data-end=\"1630\">rutas en moto de agua en Ibiza<\/strong> y experiencias n\u00e1uticas de alta calidad, bien organizadas.<\/p>\n<p data-start=\"1691\" data-end=\"1984\">Al concentrarnos exclusivamente en las motos de agua, ofrecemos un servicio m\u00e1s especializado, m\u00e1s seguro y de mayor calidad, posicionando a jetski.club Ibiza como <strong data-start=\"1855\" data-end=\"1922\">un punto de referencia en el alquiler de motos de agua en Ibiza<\/strong>, tanto para nuevos visitantes como para clientes recurrentes.<\/p>\n<p>[\/et_pb_text][\/et_pb_column][et_pb_column type=&#8221;1_2&#8243; _builder_version=&#8221;4.16&#8243; custom_padding=&#8221;|||&#8221; global_colors_info=&#8221;{}&#8221; custom_padding__hover=&#8221;|||&#8221;][et_pb_text _builder_version=&#8221;4.16&#8243; header_font=&#8221;|300|||||||&#8221; global_colors_info=&#8221;{}&#8221;]<\/p>\n<h1 style=\"text-align: center;\">UBICACI\u00d3N<\/h1>\n<p>[\/et_pb_text][et_pb_text _builder_version=&#8221;4.27.4&#8243; global_colors_info=&#8221;{}&#8221;]<\/p>\n<p data-start=\"2035\" data-end=\"2391\">Nuestra base principal en Ibiza se encuentra en <strong data-start=\"2083\" data-end=\"2144\">primera l\u00ednea de la <span class=\"hover:entity-accent entity-underline inline cursor-pointer align-baseline\"><span class=\"whitespace-normal\">Marina Santa Eulalia<\/span><\/span><\/strong>, una de las marinas m\u00e1s exclusivas y accesibles de la isla. Desde esta ubicaci\u00f3n, <strong data-start=\"2227\" data-end=\"2268\"><span class=\"hover:entity-accent entity-underline inline cursor-pointer align-baseline\"><span class=\"whitespace-normal\">jetski.club Ibiza<\/span><\/span><\/strong> opera un centro de motos de agua dise\u00f1ado espec\u00edficamente para ofrecer una experiencia premium y perfectamente organizada.<\/p>\n<p data-start=\"2393\" data-end=\"2882\">Gestionamos <strong data-start=\"2405\" data-end=\"2469\">uno de los centros de motos de agua mejor equipados de Ibiza<\/strong>, especializado exclusivamente en <strong data-start=\"2503\" data-end=\"2568\">alquiler de motos de agua y excursiones guiadas profesionales<\/strong>, con acceso directo al mar y una infraestructura enfocada en la seguridad, la comodidad y la eficiencia operativa. Las instalaciones incluyen una zona de briefing profesional, \u00e1reas de espera con sombra, taquillas, duchas de agua dulce y toda la infraestructura t\u00e9cnica necesaria para una operativa de alto nivel.<\/p>\n<p data-start=\"2884\" data-end=\"3338\">El centro est\u00e1 situado justo frente a CBBC Santa Eulalia, lo que lo convierte en un punto de salida ideal tanto para clientes que llegan en coche como para quienes acceden en barco. Gracias al acceso privado dentro de la marina, los propietarios de yates y embarcaciones pueden incorporarse f\u00e1cilmente a una <a href=\"https:\/\/yachtwatersports.com\/es\/excursion-ubicaciones-secretas-en-moto-de-agua\/\"><strong data-start=\"3192\" data-end=\"3228\">excursi\u00f3n guiada en moto de agua<\/strong><\/a> o iniciar su <strong data-start=\"3242\" data-end=\"3287\">alquiler de moto de agua en Santa Eulalia<\/strong> de forma r\u00e1pida y sin desplazamientos adicionales.<\/p>\n<p data-start=\"3340\" data-end=\"3719\">Al operar exclusivamente desde una marina de primer nivel y centrarnos \u00fanicamente en motos de agua, jetski.club Ibiza se ha consolidado como <strong data-start=\"3481\" data-end=\"3554\">un referente en el alquiler de motos de agua y rutas guiadas en Ibiza<\/strong>, elegido por visitantes internacionales, clientes de yates y usuarios recurrentes que buscan una experiencia profesional, bien gestionada y de alto nivel en el mar.<\/p>\n<p>[\/et_pb_text][\/et_pb_column][\/et_pb_row][\/et_pb_section]<\/p>\n","protected":false},"excerpt":{"rendered":"<p>P\u00e1gina \u201cQui\u00e9nes somos\u201d de jetski.club, centro de motos de agua en Ibiza especializado en excursiones guiadas, con instalaciones propias y valoraci\u00f3n 5.0 en Google.<\/p>\n","protected":false},"author":1,"featured_media":16459,"parent":0,"menu_order":0,"comment_status":"closed","ping_status":"closed","template":"","meta":{"_et_pb_use_builder":"on","_et_pb_old_content":"","_et_gb_content_width":"","footnotes":""},"class_list":["post-8571","page","type-page","status-publish","has-post-thumbnail","hentry"],"yoast_head":"<!-- This site is optimized with the Yoast SEO plugin v26.1.1 - https:\/\/yoast.com\/wordpress\/plugins\/seo\/ -->\n<title>Qui\u00e9nes somos | Centro de motos de agua en Ibiza | jetski.club<\/title>\n<meta name=\"description\" content=\"Conoce qui\u00e9nes somos en jetski.club, el centro de motos de agua en Ibiza especializado en excursiones guiadas con instalaciones propias y operativa profesional.\" \/>\n<meta name=\"robots\" content=\"index, follow, max-snippet:-1, max-image-preview:large, max-video-preview:-1\" \/>\n<link rel=\"canonical\" href=\"https:\/\/yachtwatersports.com\/es\/quienes-somos\/\" \/>\n<meta property=\"og:locale\" content=\"es_ES\" \/>\n<meta property=\"og:type\" content=\"article\" \/>\n<meta property=\"og:title\" content=\"Qui\u00e9nes somos | Centro de motos de agua en Ibiza | jetski.club\" \/>\n<meta property=\"og:description\" content=\"Conoce qui\u00e9nes somos en jetski.club, el centro de motos de agua en Ibiza especializado en excursiones guiadas con instalaciones propias y operativa profesional.\" \/>\n<meta property=\"og:url\" content=\"https:\/\/yachtwatersports.com\/es\/quienes-somos\/\" \/>\n<meta property=\"og:site_name\" content=\"Jet Ski Ibiza | Tours Guiados Oficiales | jetski.club\" \/>\n<meta property=\"article:modified_time\" content=\"2026-03-06T08:06:02+00:00\" \/>\n<meta property=\"og:image\" content=\"https:\/\/yachtwatersports.com\/wp-content\/uploads\/2023\/12\/DJI_0141-2-1.jpg\" \/>\n\t<meta property=\"og:image:width\" content=\"711\" \/>\n\t<meta property=\"og:image:height\" content=\"496\" \/>\n\t<meta property=\"og:image:type\" content=\"image\/jpeg\" \/>\n<meta name=\"twitter:card\" content=\"summary_large_image\" \/>\n<meta name=\"twitter:label1\" content=\"Tiempo de lectura\" \/>\n\t<meta name=\"twitter:data1\" content=\"3 minutos\" \/>\n<script type=\"application\/ld+json\" class=\"yoast-schema-graph\">{\"@context\":\"https:\/\/schema.org\",\"@graph\":[{\"@type\":\"WebPage\",\"@id\":\"https:\/\/yachtwatersports.com\/es\/quienes-somos\/\",\"url\":\"https:\/\/yachtwatersports.com\/es\/quienes-somos\/\",\"name\":\"Qui\u00e9nes somos | Centro de motos de agua en Ibiza | jetski.club\",\"isPartOf\":{\"@id\":\"https:\/\/yachtwatersports.com\/#website\"},\"primaryImageOfPage\":{\"@id\":\"https:\/\/yachtwatersports.com\/es\/quienes-somos\/#primaryimage\"},\"image\":{\"@id\":\"https:\/\/yachtwatersports.com\/es\/quienes-somos\/#primaryimage\"},\"thumbnailUrl\":\"https:\/\/yachtwatersports.com\/wp-content\/uploads\/2023\/12\/DJI_0141-2-1.jpg\",\"datePublished\":\"2019-11-25T16:54:49+00:00\",\"dateModified\":\"2026-03-06T08:06:02+00:00\",\"description\":\"Conoce qui\u00e9nes somos en jetski.club, el centro de motos de agua en Ibiza especializado en excursiones guiadas con instalaciones propias y operativa profesional.\",\"breadcrumb\":{\"@id\":\"https:\/\/yachtwatersports.com\/es\/quienes-somos\/#breadcrumb\"},\"inLanguage\":\"es\",\"potentialAction\":[{\"@type\":\"ReadAction\",\"target\":[\"https:\/\/yachtwatersports.com\/es\/quienes-somos\/\"]}]},{\"@type\":\"ImageObject\",\"inLanguage\":\"es\",\"@id\":\"https:\/\/yachtwatersports.com\/es\/quienes-somos\/#primaryimage\",\"url\":\"https:\/\/yachtwatersports.com\/wp-content\/uploads\/2023\/12\/DJI_0141-2-1.jpg\",\"contentUrl\":\"https:\/\/yachtwatersports.com\/wp-content\/uploads\/2023\/12\/DJI_0141-2-1.jpg\",\"width\":711,\"height\":496},{\"@type\":\"BreadcrumbList\",\"@id\":\"https:\/\/yachtwatersports.com\/es\/quienes-somos\/#breadcrumb\",\"itemListElement\":[{\"@type\":\"ListItem\",\"position\":1,\"name\":\"Portada\",\"item\":\"https:\/\/yachtwatersports.com\/es\/\"},{\"@type\":\"ListItem\",\"position\":2,\"name\":\"Qui\u00e9nes somos | Centro de motos de agua en Ibiza | jetski.club\"}]},{\"@type\":\"WebSite\",\"@id\":\"https:\/\/yachtwatersports.com\/#website\",\"url\":\"https:\/\/yachtwatersports.com\/\",\"name\":\"Jet Ski Ibiza | Tours Guiados Oficiales | jetski.club\",\"description\":\"Experiencias profesionales en Moto de Agua desde Marina Santa Eulalia\",\"publisher\":{\"@id\":\"https:\/\/yachtwatersports.com\/#organization\"},\"alternateName\":\"Yacht Watersports Ibiza\",\"potentialAction\":[{\"@type\":\"SearchAction\",\"target\":{\"@type\":\"EntryPoint\",\"urlTemplate\":\"https:\/\/yachtwatersports.com\/?s={search_term_string}\"},\"query-input\":{\"@type\":\"PropertyValueSpecification\",\"valueRequired\":true,\"valueName\":\"search_term_string\"}}],\"inLanguage\":\"es\"},{\"@type\":\"Organization\",\"@id\":\"https:\/\/yachtwatersports.com\/#organization\",\"name\":\"Yacht Watersports\",\"url\":\"https:\/\/yachtwatersports.com\/\",\"logo\":{\"@type\":\"ImageObject\",\"inLanguage\":\"es\",\"@id\":\"https:\/\/yachtwatersports.com\/#\/schema\/logo\/image\/\",\"url\":\"https:\/\/yachtwatersports.com\/wp-content\/uploads\/2019\/05\/g12.png\",\"contentUrl\":\"https:\/\/yachtwatersports.com\/wp-content\/uploads\/2019\/05\/g12.png\",\"width\":600,\"height\":130,\"caption\":\"Yacht Watersports\"},\"image\":{\"@id\":\"https:\/\/yachtwatersports.com\/#\/schema\/logo\/image\/\"}}]}<\/script>\n<!-- \/ Yoast SEO plugin. -->","yoast_head_json":{"title":"Qui\u00e9nes somos | Centro de motos de agua en Ibiza | jetski.club","description":"Conoce qui\u00e9nes somos en jetski.club, el centro de motos de agua en Ibiza especializado en excursiones guiadas con instalaciones propias y operativa profesional.","robots":{"index":"index","follow":"follow","max-snippet":"max-snippet:-1","max-image-preview":"max-image-preview:large","max-video-preview":"max-video-preview:-1"},"canonical":"https:\/\/yachtwatersports.com\/es\/quienes-somos\/","og_locale":"es_ES","og_type":"article","og_title":"Qui\u00e9nes somos | Centro de motos de agua en Ibiza | jetski.club","og_description":"Conoce qui\u00e9nes somos en jetski.club, el centro de motos de agua en Ibiza especializado en excursiones guiadas con instalaciones propias y operativa profesional.","og_url":"https:\/\/yachtwatersports.com\/es\/quienes-somos\/","og_site_name":"Jet Ski Ibiza | Tours Guiados Oficiales | jetski.club","article_modified_time":"2026-03-06T08:06:02+00:00","og_image":[{"width":711,"height":496,"url":"https:\/\/yachtwatersports.com\/wp-content\/uploads\/2023\/12\/DJI_0141-2-1.jpg","type":"image\/jpeg"}],"twitter_card":"summary_large_image","twitter_misc":{"Tiempo de lectura":"3 minutos"},"schema":{"@context":"https:\/\/schema.org","@graph":[{"@type":"WebPage","@id":"https:\/\/yachtwatersports.com\/es\/quienes-somos\/","url":"https:\/\/yachtwatersports.com\/es\/quienes-somos\/","name":"Qui\u00e9nes somos | Centro de motos de agua en Ibiza | jetski.club","isPartOf":{"@id":"https:\/\/yachtwatersports.com\/#website"},"primaryImageOfPage":{"@id":"https:\/\/yachtwatersports.com\/es\/quienes-somos\/#primaryimage"},"image":{"@id":"https:\/\/yachtwatersports.com\/es\/quienes-somos\/#primaryimage"},"thumbnailUrl":"https:\/\/yachtwatersports.com\/wp-content\/uploads\/2023\/12\/DJI_0141-2-1.jpg","datePublished":"2019-11-25T16:54:49+00:00","dateModified":"2026-03-06T08:06:02+00:00","description":"Conoce qui\u00e9nes somos en jetski.club, el centro de motos de agua en Ibiza especializado en excursiones guiadas con instalaciones propias y operativa profesional.","breadcrumb":{"@id":"https:\/\/yachtwatersports.com\/es\/quienes-somos\/#breadcrumb"},"inLanguage":"es","potentialAction":[{"@type":"ReadAction","target":["https:\/\/yachtwatersports.com\/es\/quienes-somos\/"]}]},{"@type":"ImageObject","inLanguage":"es","@id":"https:\/\/yachtwatersports.com\/es\/quienes-somos\/#primaryimage","url":"https:\/\/yachtwatersports.com\/wp-content\/uploads\/2023\/12\/DJI_0141-2-1.jpg","contentUrl":"https:\/\/yachtwatersports.com\/wp-content\/uploads\/2023\/12\/DJI_0141-2-1.jpg","width":711,"height":496},{"@type":"BreadcrumbList","@id":"https:\/\/yachtwatersports.com\/es\/quienes-somos\/#breadcrumb","itemListElement":[{"@type":"ListItem","position":1,"name":"Portada","item":"https:\/\/yachtwatersports.com\/es\/"},{"@type":"ListItem","position":2,"name":"Qui\u00e9nes somos | Centro de motos de agua en Ibiza | jetski.club"}]},{"@type":"WebSite","@id":"https:\/\/yachtwatersports.com\/#website","url":"https:\/\/yachtwatersports.com\/","name":"Jet Ski Ibiza | Tours Guiados Oficiales | jetski.club","description":"Experiencias profesionales en Moto de Agua desde Marina Santa Eulalia","publisher":{"@id":"https:\/\/yachtwatersports.com\/#organization"},"alternateName":"Yacht Watersports Ibiza","potentialAction":[{"@type":"SearchAction","target":{"@type":"EntryPoint","urlTemplate":"https:\/\/yachtwatersports.com\/?s={search_term_string}"},"query-input":{"@type":"PropertyValueSpecification","valueRequired":true,"valueName":"search_term_string"}}],"inLanguage":"es"},{"@type":"Organization","@id":"https:\/\/yachtwatersports.com\/#organization","name":"Yacht Watersports","url":"https:\/\/yachtwatersports.com\/","logo":{"@type":"ImageObject","inLanguage":"es","@id":"https:\/\/yachtwatersports.com\/#\/schema\/logo\/image\/","url":"https:\/\/yachtwatersports.com\/wp-content\/uploads\/2019\/05\/g12.png","contentUrl":"https:\/\/yachtwatersports.com\/wp-content\/uploads\/2019\/05\/g12.png","width":600,"height":130,"caption":"Yacht Watersports"},"image":{"@id":"https:\/\/yachtwatersports.com\/#\/schema\/logo\/image\/"}}]}},"_links":{"self":[{"href":"https:\/\/yachtwatersports.com\/es\/wp-json\/wp\/v2\/pages\/8571","targetHints":{"allow":["GET"]}}],"collection":[{"href":"https:\/\/yachtwatersports.com\/es\/wp-json\/wp\/v2\/pages"}],"about":[{"href":"https:\/\/yachtwatersports.com\/es\/wp-json\/wp\/v2\/types\/page"}],"author":[{"embeddable":true,"href":"https:\/\/yachtwatersports.com\/es\/wp-json\/wp\/v2\/users\/1"}],"replies":[{"embeddable":true,"href":"https:\/\/yachtwatersports.com\/es\/wp-json\/wp\/v2\/comments?post=8571"}],"version-history":[{"count":11,"href":"https:\/\/yachtwatersports.com\/es\/wp-json\/wp\/v2\/pages\/8571\/revisions"}],"predecessor-version":[{"id":19057,"href":"https:\/\/yachtwatersports.com\/es\/wp-json\/wp\/v2\/pages\/8571\/revisions\/19057"}],"wp:featuredmedia":[{"embeddable":true,"href":"https:\/\/yachtwatersports.com\/es\/wp-json\/wp\/v2\/media\/16459"}],"wp:attachment":[{"href":"https:\/\/yachtwatersports.com\/es\/wp-json\/wp\/v2\/media?parent=8571"}],"curies":[{"name":"wp","href":"https:\/\/api.w.org\/{rel}","templated":true}]}}