{"id":8569,"date":"2019-11-25T16:53:11","date_gmt":"2019-11-25T16:53:11","guid":{"rendered":"https:\/\/yachtwatersports.com\/secciones\/"},"modified":"2026-03-03T09:40:15","modified_gmt":"2026-03-03T08:40:15","slug":"franquicia-motos-de-agua","status":"publish","type":"page","link":"https:\/\/yachtwatersports.com\/es\/franquicia-motos-de-agua\/","title":{"rendered":"Franquicia Motos de Agua | Modelo de Negocio jetski.club"},"content":{"rendered":"<p>[et_pb_section fb_built=&#8221;1&#8243; fullwidth=&#8221;on&#8221; _builder_version=&#8221;4.16&#8243; background_color=&#8221;#303030&#8243; global_colors_info=&#8221;{}&#8221;][et_pb_fullwidth_slider disabled_on=&#8221;on|off|off&#8221; _builder_version=&#8221;4.27.4&#8243; header_level=&#8221;h6&#8243; header_font=&#8221;||||||||&#8221; header_line_height=&#8221;1.2em&#8221; background_image=&#8221;https:\/\/yachtwatersports.com\/wp-content\/uploads\/2026\/03\/jetski-club-ibiza-jetski-center.webp&#8221; min_height=&#8221;370px&#8221; custom_margin=&#8221;||63px|||&#8221; custom_padding=&#8221;333px||0px|||&#8221; global_colors_info=&#8221;{}&#8221;][et_pb_slide heading=&#8221;FRANQUICIA JETSKI.CLUB&#8221; use_bg_overlay=&#8221;on&#8221; bg_overlay_color=&#8221;rgba(15,15,15,0.64)&#8221; use_text_overlay=&#8221;off&#8221; _builder_version=&#8221;4.27.4&#8243; header_font=&#8221;||||||||&#8221; header_font_size=&#8221;45px&#8221; body_font=&#8221;||||||||&#8221; body_font_size=&#8221;13px&#8221; global_colors_info=&#8221;{}&#8221; sticky_transition=&#8221;on&#8221;][\/et_pb_slide][\/et_pb_fullwidth_slider][et_pb_fullwidth_slider disabled_on=&#8221;off|on|on&#8221; _builder_version=&#8221;4.27.4&#8243; header_level=&#8221;h6&#8243; header_font=&#8221;||||||||&#8221; header_line_height=&#8221;1.2em&#8221; background_image=&#8221;https:\/\/yachtwatersports.com\/wp-content\/uploads\/2026\/03\/jetski_club_ibiza_marina.webp&#8221; min_height=&#8221;370px&#8221; custom_margin=&#8221;||63px|||&#8221; custom_padding=&#8221;333px||0px|||&#8221; global_colors_info=&#8221;{}&#8221;][et_pb_slide heading=&#8221;FRANQUICIA JETSKI.CLUB&#8221; use_bg_overlay=&#8221;on&#8221; bg_overlay_color=&#8221;rgba(15,15,15,0.64)&#8221; use_text_overlay=&#8221;off&#8221; _builder_version=&#8221;4.27.4&#8243; header_font=&#8221;||||||||&#8221; header_font_size=&#8221;45px&#8221; body_font=&#8221;||||||||&#8221; body_font_size=&#8221;13px&#8221; global_colors_info=&#8221;{}&#8221; sticky_transition=&#8221;on&#8221;][\/et_pb_slide][\/et_pb_fullwidth_slider][\/et_pb_section][et_pb_section fb_built=&#8221;1&#8243; _builder_version=&#8221;4.16&#8243; custom_padding=&#8221;3px|||||&#8221; global_colors_info=&#8221;{}&#8221;][et_pb_row _builder_version=&#8221;4.16&#8243; custom_margin=&#8221;-25px|auto||auto||&#8221; custom_padding=&#8221;2px|||||&#8221; global_colors_info=&#8221;{}&#8221;][et_pb_column type=&#8221;4_4&#8243; _builder_version=&#8221;4.16&#8243; custom_padding=&#8221;|||&#8221; global_colors_info=&#8221;{}&#8221; custom_padding__hover=&#8221;|||&#8221;][et_pb_text _builder_version=&#8221;4.27.4&#8243; global_colors_info=&#8221;{}&#8221;]<\/p>\n<h2 data-start=\"0\" data-end=\"211\"><strong>Negocio de excursiones en moto de agua plenamente operativo y probado<\/strong><\/h2>\n<p><strong><\/strong><\/p>\n<p data-start=\"0\" data-end=\"211\">jetski.club es un modelo de negocio de excursiones en moto de agua plenamente operativo y probado, desarrollado en Ibiza y construido sobre una base de estructura, seguridad, eficiencia y rentabilidad constante.<\/p>\n<p data-start=\"213\" data-end=\"766\">A lo largo de los a\u00f1os, hemos perfeccionado un sistema que combina precisi\u00f3n operativa, estrictos protocolos de seguridad y una estructura de reservas optimizada. El resultado es un negocio que funciona de forma eficiente, con procedimientos claros, est\u00e1ndares definidos y una coordinaci\u00f3n diaria perfectamente organizada. Desde la gesti\u00f3n de flota y los protocolos de mantenimiento hasta el flujo de clientes, los sistemas de briefing y la ejecuci\u00f3n de las excursiones guiadas, cada elemento ha sido dise\u00f1ado para garantizar fiabilidad y escalabilidad.<\/p>\n<p data-start=\"768\" data-end=\"1079\">Nuestro modelo se centra exclusivamente en excursiones guiadas en moto de agua, eliminando la complejidad operativa y los riesgos asociados al alquiler libre. Esta estructura controlada permite una operativa predecible, una supervisi\u00f3n s\u00f3lida en materia de seguridad y un alto nivel de satisfacci\u00f3n del cliente.<\/p>\n<p data-start=\"1081\" data-end=\"1108\">El negocio se beneficia de:<\/p>\n<ul data-start=\"1109\" data-end=\"1375\">\n<li data-start=\"1109\" data-end=\"1153\">\n<p data-start=\"1111\" data-end=\"1153\">Procesos operativos claramente definidos<\/p>\n<\/li>\n<li data-start=\"1154\" data-end=\"1209\">\n<p data-start=\"1156\" data-end=\"1209\">Sistemas estructurados de seguridad y mantenimiento<\/p>\n<\/li>\n<li data-start=\"1210\" data-end=\"1251\">\n<p data-start=\"1212\" data-end=\"1251\">Posicionamiento de marca centralizado<\/p>\n<\/li>\n<li data-start=\"1252\" data-end=\"1284\">\n<p data-start=\"1254\" data-end=\"1284\">Sistema de reservas directas<\/p>\n<\/li>\n<li data-start=\"1285\" data-end=\"1323\">\n<p data-start=\"1287\" data-end=\"1323\">Estrategia de precios transparente<\/p>\n<\/li>\n<li data-start=\"1324\" data-end=\"1375\">\n<p data-start=\"1326\" data-end=\"1375\">M\u00e1rgenes s\u00f3lidos dentro de un modelo estacional<\/p>\n<\/li>\n<\/ul>\n<p data-start=\"1377\" data-end=\"1717\">Con la ubicaci\u00f3n adecuada y acceso a marina, el concepto jetski.club ofrece un perfil de retorno atractivo, costes operativos controlados y una estructura de flota escalable. El modelo est\u00e1 dise\u00f1ado para funcionar de manera aut\u00f3noma una vez implementado correctamente, con soporte en formaci\u00f3n, directrices operativas y est\u00e1ndares de marca.<\/p>\n<p data-start=\"1719\" data-end=\"1884\">Actualmente estamos abiertos a estudiar oportunidades de franquicia en ubicaciones costeras seleccionadas con alto flujo tur\u00edstico e infraestructura marina adecuada.<\/p>\n<p data-start=\"1886\" data-end=\"2151\" data-is-last-node=\"\" data-is-only-node=\"\">Si eres inversor u operador y est\u00e1s interesado en implantar el modelo jetski.club en tu zona, te invitamos a contactarnos para obtener m\u00e1s informaci\u00f3n. Buscamos socios serios que valoren la estructura, el profesionalismo y el posicionamiento de marca a largo plazo.<\/p>\n<p>[\/et_pb_text][\/et_pb_column][\/et_pb_row][\/et_pb_section]<\/p>\n","protected":false},"excerpt":{"rendered":"<p>jetski.club ofrece un modelo de franquicia de motos de agua desarrollado en Ibiza y dise\u00f1ado para operar con eficiencia, seguridad y rentabilidad constante. Sistema estructurado, gesti\u00f3n optimizada de flota y enfoque exclusivo en excursiones guiadas. Oportunidad ideal para operadores e inversores en ubicaciones costeras con alto flujo tur\u00edstico.<\/p>\n","protected":false},"author":1,"featured_media":16437,"parent":0,"menu_order":0,"comment_status":"closed","ping_status":"closed","template":"","meta":{"_et_pb_use_builder":"on","_et_pb_old_content":"","_et_gb_content_width":"","footnotes":""},"class_list":["post-8569","page","type-page","status-publish","has-post-thumbnail","hentry"],"yoast_head":"<!-- This site is optimized with the Yoast SEO plugin v27.4 - https:\/\/yoast.com\/product\/yoast-seo-wordpress\/ -->\n<title>Franquicia Motos de Agua | Modelo de Negocio jetski.club<\/title>\n<meta name=\"description\" content=\"Modelo probado de franquicia de motos de agua desarrollado en Ibiza. Sistema estructurado, rentable y escalable para zonas costeras.\" \/>\n<meta name=\"robots\" content=\"index, follow, max-snippet:-1, max-image-preview:large, max-video-preview:-1\" \/>\n<link rel=\"canonical\" href=\"https:\/\/yachtwatersports.com\/es\/franquicia-motos-de-agua\/\" \/>\n<meta property=\"og:locale\" content=\"es_ES\" \/>\n<meta property=\"og:type\" content=\"article\" \/>\n<meta property=\"og:title\" content=\"Franquicia Motos de Agua | Modelo de Negocio jetski.club\" \/>\n<meta property=\"og:description\" content=\"Modelo probado de franquicia de motos de agua desarrollado en Ibiza. Sistema estructurado, rentable y escalable para zonas costeras.\" \/>\n<meta property=\"og:url\" content=\"https:\/\/yachtwatersports.com\/es\/franquicia-motos-de-agua\/\" \/>\n<meta property=\"og:site_name\" content=\"Jet Ski Ibiza | Tours Guiados Oficiales | jetski.club\" \/>\n<meta property=\"article:modified_time\" content=\"2026-03-03T08:40:15+00:00\" \/>\n<meta property=\"og:image\" content=\"https:\/\/yachtwatersports.com\/wp-content\/uploads\/2023\/12\/YW-Ibiza.-Centro-actividades.1-3.jpg\" \/>\n\t<meta property=\"og:image:width\" content=\"711\" \/>\n\t<meta property=\"og:image:height\" content=\"496\" \/>\n\t<meta property=\"og:image:type\" content=\"image\/jpeg\" \/>\n<meta name=\"twitter:card\" content=\"summary_large_image\" \/>\n<meta name=\"twitter:label1\" content=\"Tiempo de lectura\" \/>\n\t<meta name=\"twitter:data1\" content=\"2 minutos\" \/>\n<script type=\"application\/ld+json\" class=\"yoast-schema-graph\">{\"@context\":\"https:\\\/\\\/schema.org\",\"@graph\":[{\"@type\":\"WebPage\",\"@id\":\"https:\\\/\\\/yachtwatersports.com\\\/es\\\/franquicia-motos-de-agua\\\/\",\"url\":\"https:\\\/\\\/yachtwatersports.com\\\/es\\\/franquicia-motos-de-agua\\\/\",\"name\":\"Franquicia Motos de Agua | Modelo de Negocio jetski.club\",\"isPartOf\":{\"@id\":\"https:\\\/\\\/yachtwatersports.com\\\/#website\"},\"primaryImageOfPage\":{\"@id\":\"https:\\\/\\\/yachtwatersports.com\\\/es\\\/franquicia-motos-de-agua\\\/#primaryimage\"},\"image\":{\"@id\":\"https:\\\/\\\/yachtwatersports.com\\\/es\\\/franquicia-motos-de-agua\\\/#primaryimage\"},\"thumbnailUrl\":\"https:\\\/\\\/yachtwatersports.com\\\/wp-content\\\/uploads\\\/2023\\\/12\\\/YW-Ibiza.-Centro-actividades.1-3.jpg\",\"datePublished\":\"2019-11-25T16:53:11+00:00\",\"dateModified\":\"2026-03-03T08:40:15+00:00\",\"description\":\"Modelo probado de franquicia de motos de agua desarrollado en Ibiza. Sistema estructurado, rentable y escalable para zonas costeras.\",\"breadcrumb\":{\"@id\":\"https:\\\/\\\/yachtwatersports.com\\\/es\\\/franquicia-motos-de-agua\\\/#breadcrumb\"},\"inLanguage\":\"es\",\"potentialAction\":[{\"@type\":\"ReadAction\",\"target\":[\"https:\\\/\\\/yachtwatersports.com\\\/es\\\/franquicia-motos-de-agua\\\/\"]}]},{\"@type\":\"ImageObject\",\"inLanguage\":\"es\",\"@id\":\"https:\\\/\\\/yachtwatersports.com\\\/es\\\/franquicia-motos-de-agua\\\/#primaryimage\",\"url\":\"https:\\\/\\\/yachtwatersports.com\\\/wp-content\\\/uploads\\\/2023\\\/12\\\/YW-Ibiza.-Centro-actividades.1-3.jpg\",\"contentUrl\":\"https:\\\/\\\/yachtwatersports.com\\\/wp-content\\\/uploads\\\/2023\\\/12\\\/YW-Ibiza.-Centro-actividades.1-3.jpg\",\"width\":711,\"height\":496},{\"@type\":\"BreadcrumbList\",\"@id\":\"https:\\\/\\\/yachtwatersports.com\\\/es\\\/franquicia-motos-de-agua\\\/#breadcrumb\",\"itemListElement\":[{\"@type\":\"ListItem\",\"position\":1,\"name\":\"Portada\",\"item\":\"https:\\\/\\\/yachtwatersports.com\\\/\"},{\"@type\":\"ListItem\",\"position\":2,\"name\":\"Franquicia Motos de Agua | Modelo de Negocio jetski.club\"}]},{\"@type\":\"WebSite\",\"@id\":\"https:\\\/\\\/yachtwatersports.com\\\/#website\",\"url\":\"https:\\\/\\\/yachtwatersports.com\\\/\",\"name\":\"Jet Ski Ibiza | Tours Guiados Oficiales | jetski.club\",\"description\":\"Experiencias profesionales en Moto de Agua desde Marina Santa Eulalia\",\"publisher\":{\"@id\":\"https:\\\/\\\/yachtwatersports.com\\\/#organization\"},\"alternateName\":\"Yacht Watersports Ibiza\",\"potentialAction\":[{\"@type\":\"SearchAction\",\"target\":{\"@type\":\"EntryPoint\",\"urlTemplate\":\"https:\\\/\\\/yachtwatersports.com\\\/?s={search_term_string}\"},\"query-input\":{\"@type\":\"PropertyValueSpecification\",\"valueRequired\":true,\"valueName\":\"search_term_string\"}}],\"inLanguage\":\"es\"},{\"@type\":\"Organization\",\"@id\":\"https:\\\/\\\/yachtwatersports.com\\\/#organization\",\"name\":\"Yacht Watersports\",\"url\":\"https:\\\/\\\/yachtwatersports.com\\\/\",\"logo\":{\"@type\":\"ImageObject\",\"inLanguage\":\"es\",\"@id\":\"https:\\\/\\\/yachtwatersports.com\\\/#\\\/schema\\\/logo\\\/image\\\/\",\"url\":\"https:\\\/\\\/yachtwatersports.com\\\/wp-content\\\/uploads\\\/2019\\\/05\\\/g12.png\",\"contentUrl\":\"https:\\\/\\\/yachtwatersports.com\\\/wp-content\\\/uploads\\\/2019\\\/05\\\/g12.png\",\"width\":600,\"height\":130,\"caption\":\"Yacht Watersports\"},\"image\":{\"@id\":\"https:\\\/\\\/yachtwatersports.com\\\/#\\\/schema\\\/logo\\\/image\\\/\"}}]}<\/script>\n<!-- \/ Yoast SEO plugin. -->","yoast_head_json":{"title":"Franquicia Motos de Agua | Modelo de Negocio jetski.club","description":"Modelo probado de franquicia de motos de agua desarrollado en Ibiza. Sistema estructurado, rentable y escalable para zonas costeras.","robots":{"index":"index","follow":"follow","max-snippet":"max-snippet:-1","max-image-preview":"max-image-preview:large","max-video-preview":"max-video-preview:-1"},"canonical":"https:\/\/yachtwatersports.com\/es\/franquicia-motos-de-agua\/","og_locale":"es_ES","og_type":"article","og_title":"Franquicia Motos de Agua | Modelo de Negocio jetski.club","og_description":"Modelo probado de franquicia de motos de agua desarrollado en Ibiza. Sistema estructurado, rentable y escalable para zonas costeras.","og_url":"https:\/\/yachtwatersports.com\/es\/franquicia-motos-de-agua\/","og_site_name":"Jet Ski Ibiza | Tours Guiados Oficiales | jetski.club","article_modified_time":"2026-03-03T08:40:15+00:00","og_image":[{"width":711,"height":496,"url":"https:\/\/yachtwatersports.com\/wp-content\/uploads\/2023\/12\/YW-Ibiza.-Centro-actividades.1-3.jpg","type":"image\/jpeg"}],"twitter_card":"summary_large_image","twitter_misc":{"Tiempo de lectura":"2 minutos"},"schema":{"@context":"https:\/\/schema.org","@graph":[{"@type":"WebPage","@id":"https:\/\/yachtwatersports.com\/es\/franquicia-motos-de-agua\/","url":"https:\/\/yachtwatersports.com\/es\/franquicia-motos-de-agua\/","name":"Franquicia Motos de Agua | Modelo de Negocio jetski.club","isPartOf":{"@id":"https:\/\/yachtwatersports.com\/#website"},"primaryImageOfPage":{"@id":"https:\/\/yachtwatersports.com\/es\/franquicia-motos-de-agua\/#primaryimage"},"image":{"@id":"https:\/\/yachtwatersports.com\/es\/franquicia-motos-de-agua\/#primaryimage"},"thumbnailUrl":"https:\/\/yachtwatersports.com\/wp-content\/uploads\/2023\/12\/YW-Ibiza.-Centro-actividades.1-3.jpg","datePublished":"2019-11-25T16:53:11+00:00","dateModified":"2026-03-03T08:40:15+00:00","description":"Modelo probado de franquicia de motos de agua desarrollado en Ibiza. Sistema estructurado, rentable y escalable para zonas costeras.","breadcrumb":{"@id":"https:\/\/yachtwatersports.com\/es\/franquicia-motos-de-agua\/#breadcrumb"},"inLanguage":"es","potentialAction":[{"@type":"ReadAction","target":["https:\/\/yachtwatersports.com\/es\/franquicia-motos-de-agua\/"]}]},{"@type":"ImageObject","inLanguage":"es","@id":"https:\/\/yachtwatersports.com\/es\/franquicia-motos-de-agua\/#primaryimage","url":"https:\/\/yachtwatersports.com\/wp-content\/uploads\/2023\/12\/YW-Ibiza.-Centro-actividades.1-3.jpg","contentUrl":"https:\/\/yachtwatersports.com\/wp-content\/uploads\/2023\/12\/YW-Ibiza.-Centro-actividades.1-3.jpg","width":711,"height":496},{"@type":"BreadcrumbList","@id":"https:\/\/yachtwatersports.com\/es\/franquicia-motos-de-agua\/#breadcrumb","itemListElement":[{"@type":"ListItem","position":1,"name":"Portada","item":"https:\/\/yachtwatersports.com\/"},{"@type":"ListItem","position":2,"name":"Franquicia Motos de Agua | Modelo de Negocio jetski.club"}]},{"@type":"WebSite","@id":"https:\/\/yachtwatersports.com\/#website","url":"https:\/\/yachtwatersports.com\/","name":"Jet Ski Ibiza | Tours Guiados Oficiales | jetski.club","description":"Experiencias profesionales en Moto de Agua desde Marina Santa Eulalia","publisher":{"@id":"https:\/\/yachtwatersports.com\/#organization"},"alternateName":"Yacht Watersports Ibiza","potentialAction":[{"@type":"SearchAction","target":{"@type":"EntryPoint","urlTemplate":"https:\/\/yachtwatersports.com\/?s={search_term_string}"},"query-input":{"@type":"PropertyValueSpecification","valueRequired":true,"valueName":"search_term_string"}}],"inLanguage":"es"},{"@type":"Organization","@id":"https:\/\/yachtwatersports.com\/#organization","name":"Yacht Watersports","url":"https:\/\/yachtwatersports.com\/","logo":{"@type":"ImageObject","inLanguage":"es","@id":"https:\/\/yachtwatersports.com\/#\/schema\/logo\/image\/","url":"https:\/\/yachtwatersports.com\/wp-content\/uploads\/2019\/05\/g12.png","contentUrl":"https:\/\/yachtwatersports.com\/wp-content\/uploads\/2019\/05\/g12.png","width":600,"height":130,"caption":"Yacht Watersports"},"image":{"@id":"https:\/\/yachtwatersports.com\/#\/schema\/logo\/image\/"}}]}},"_links":{"self":[{"href":"https:\/\/yachtwatersports.com\/es\/wp-json\/wp\/v2\/pages\/8569","targetHints":{"allow":["GET"]}}],"collection":[{"href":"https:\/\/yachtwatersports.com\/es\/wp-json\/wp\/v2\/pages"}],"about":[{"href":"https:\/\/yachtwatersports.com\/es\/wp-json\/wp\/v2\/types\/page"}],"author":[{"embeddable":true,"href":"https:\/\/yachtwatersports.com\/es\/wp-json\/wp\/v2\/users\/1"}],"replies":[{"embeddable":true,"href":"https:\/\/yachtwatersports.com\/es\/wp-json\/wp\/v2\/comments?post=8569"}],"version-history":[{"count":12,"href":"https:\/\/yachtwatersports.com\/es\/wp-json\/wp\/v2\/pages\/8569\/revisions"}],"predecessor-version":[{"id":18926,"href":"https:\/\/yachtwatersports.com\/es\/wp-json\/wp\/v2\/pages\/8569\/revisions\/18926"}],"wp:featuredmedia":[{"embeddable":true,"href":"https:\/\/yachtwatersports.com\/es\/wp-json\/wp\/v2\/media\/16437"}],"wp:attachment":[{"href":"https:\/\/yachtwatersports.com\/es\/wp-json\/wp\/v2\/media?parent=8569"}],"curies":[{"name":"wp","href":"https:\/\/api.w.org\/{rel}","templated":true}]}}