{"id":8543,"date":"2019-11-25T16:37:54","date_gmt":"2019-11-25T16:37:54","guid":{"rendered":"https:\/\/yachtwatersports.com\/eventos\/despedidas-de-soltero\/"},"modified":"2026-02-15T10:33:22","modified_gmt":"2026-02-15T10:33:22","slug":"despedidas-de-soltero-ibiza","status":"publish","type":"page","link":"https:\/\/yachtwatersports.com\/es\/eventos-deportes-acuaticos-ibiza\/despedidas-de-soltero-ibiza\/","title":{"rendered":"Deportes acu\u00e1ticos &#8211; Despedidas de soltero"},"content":{"rendered":"<p>[et_pb_section fb_built=&#8221;1&#8243; _builder_version=&#8221;4.16&#8243; custom_padding=&#8221;0px||4px|||&#8221; global_colors_info=&#8221;{}&#8221;][et_pb_row _builder_version=&#8221;4.16&#8243; custom_padding=&#8221;85px|||||&#8221; global_colors_info=&#8221;{}&#8221;][et_pb_column type=&#8221;4_4&#8243; _builder_version=&#8221;4.16&#8243; custom_padding=&#8221;|||&#8221; global_colors_info=&#8221;{}&#8221; custom_padding__hover=&#8221;|||&#8221;][et_pb_text _builder_version=&#8221;4.16&#8243; text_font=&#8221;||||||||&#8221; header_font=&#8221;|300|||||||&#8221; header_text_align=&#8221;center&#8221; header_font_size=&#8221;43px&#8221; global_colors_info=&#8221;{}&#8221;]<\/p>\n<h1 style=\"text-align: center;\"><span>DESPEDIDAS DE SOLTERO IBIZA<\/span><\/h1>\n<p>[\/et_pb_text][\/et_pb_column][\/et_pb_row][et_pb_row _builder_version=&#8221;4.16&#8243; custom_padding=&#8221;||11px|||&#8221; global_colors_info=&#8221;{}&#8221; column_structure=&#8221;1_2,1_2&#8243;][et_pb_column type=&#8221;1_2&#8243; _builder_version=&#8221;4.16&#8243; custom_padding=&#8221;|||&#8221; global_colors_info=&#8221;{}&#8221; custom_padding__hover=&#8221;|||&#8221;][et_pb_text _builder_version=&#8221;4.27.4&#8243; custom_margin=&#8221;-11px||44px|||&#8221; custom_padding=&#8221;0px|||||&#8221; hover_enabled=&#8221;0&#8243; global_colors_info=&#8221;{}&#8221; sticky_enabled=&#8221;0&#8243;]<\/p>\n<h3>Experiencia de despedida de soltero en moto de agua en Ibiza<\/h3>\n<p>Jetski.club ofrece una <strong>experiencia en moto de agua de alta energ\u00eda para despedidas de soltero en Ibiza<\/strong>, pensada para grupos que quieren celebrar en el mar de forma <strong>estructurada, segura y memorable<\/strong>.<\/p>\n<p>La experiencia se centra en <strong>excursiones guiadas en moto de agua<\/strong> con modelos modernos y de alto rendimiento, permitiendo que el novio y sus amigos disfruten de <strong>adrenalina, conducci\u00f3n en mar abierto y exploraci\u00f3n de la costa<\/strong>bajo supervisi\u00f3n profesional. Los tours se organizan en grupos y se <strong>adaptan al nivel y preferencias<\/strong> de los participantes, asegurando que todos puedan disfrutar c\u00f3modamente.<\/p>\n<p>Las reservas para despedidas de soltero se pueden organizar en <strong>formatos flexibles<\/strong>, permitiendo combinar el tour en moto de agua con tiempo para <strong>relajarse en la marina antes o despu\u00e9s<\/strong> de la actividad. Nuestro equipo gestiona <strong>briefings, rotaciones y supervisi\u00f3n en el agua<\/strong> para garantizar un desarrollo fluido y bien coordinado.<\/p>\n<p>Jetski.club opera desde <strong>Marina Santa Eulalia<\/strong>, con <strong>instalaciones dedicadas<\/strong><\/p>\n<p>[\/et_pb_text][\/et_pb_column][et_pb_column type=&#8221;1_2&#8243; _builder_version=&#8221;4.16&#8243; custom_padding=&#8221;|||&#8221; global_colors_info=&#8221;{}&#8221; custom_padding__hover=&#8221;|||&#8221;][et_pb_image src=&#8221;https:\/\/yachtwatersports.com\/wp-content\/uploads\/2024\/01\/YW-Ibiza.-Centro-actividades.1.jpg&#8221; _builder_version=&#8221;4.27.4&#8243; _module_preset=&#8221;default&#8221; title_text=&#8221;jetski.club ibiza&#8221; hover_enabled=&#8221;0&#8243; sticky_enabled=&#8221;0&#8243;][\/et_pb_image][\/et_pb_column][\/et_pb_row][et_pb_row module_id=&#8221;photos&#8221; _builder_version=&#8221;4.16&#8243; width=&#8221;100%&#8221; max_width=&#8221;100%&#8221; min_height=&#8221;217px&#8221; custom_margin=&#8221;-27px|auto||auto||&#8221; custom_padding=&#8221;85px||0px|||&#8221; global_colors_info=&#8221;{}&#8221; column_structure=&#8221;1_3,1_3,1_3&#8243;][et_pb_column type=&#8221;1_3&#8243; module_class=&#8221;sin-margenes&#8221; _builder_version=&#8221;4.16&#8243; custom_padding=&#8221;|||&#8221; global_colors_info=&#8221;{}&#8221; custom_padding__hover=&#8221;|||&#8221;][et_pb_image src=&#8221;https:\/\/yachtwatersports.com\/wp-content\/uploads\/2021\/11\/JETSKI2022.16.jpg&#8221; show_bottom_space=&#8221;off&#8221; align_tablet=&#8221;center&#8221; align_last_edited=&#8221;on|desktop&#8221; _builder_version=&#8221;4.27.4&#8243; hover_enabled=&#8221;0&#8243; global_colors_info=&#8221;{}&#8221; title_text=&#8221;JETSKI2022.16&#8243; sticky_enabled=&#8221;0&#8243; align_phone=&#8221;center&#8221;][\/et_pb_image][\/et_pb_column][et_pb_column type=&#8221;1_3&#8243; module_class=&#8221;sin-margenes&#8221; _builder_version=&#8221;4.16&#8243; custom_padding=&#8221;|||&#8221; global_colors_info=&#8221;{}&#8221; custom_padding__hover=&#8221;|||&#8221;][et_pb_image src=&#8221;https:\/\/yachtwatersports.com\/wp-content\/uploads\/2021\/11\/JETSKI2022.1.jpg&#8221; align=&#8221;center&#8221; align_tablet=&#8221;center&#8221; align_last_edited=&#8221;on|desktop&#8221; _builder_version=&#8221;4.27.4&#8243; hover_enabled=&#8221;0&#8243; global_colors_info=&#8221;{}&#8221; title_text=&#8221;JETSKI2022.1&#8243; sticky_enabled=&#8221;0&#8243; align_phone=&#8221;center&#8221;][\/et_pb_image][\/et_pb_column][et_pb_column type=&#8221;1_3&#8243; module_class=&#8221;sin-margenes&#8221; _builder_version=&#8221;4.16&#8243; custom_padding=&#8221;|||&#8221; global_colors_info=&#8221;{}&#8221; custom_padding__hover=&#8221;|||&#8221;][et_pb_image src=&#8221;https:\/\/yachtwatersports.com\/wp-content\/uploads\/2021\/11\/JETSKI2022.11.jpg&#8221; align=&#8221;center&#8221; align_tablet=&#8221;center&#8221; align_last_edited=&#8221;on|desktop&#8221; _builder_version=&#8221;4.27.4&#8243; custom_padding=&#8221;||0px|||&#8221; hover_enabled=&#8221;0&#8243; global_colors_info=&#8221;{}&#8221; title_text=&#8221;JETSKI2022.11&#8243; sticky_enabled=&#8221;0&#8243; align_phone=&#8221;center&#8221;][\/et_pb_image][\/et_pb_column][\/et_pb_row][\/et_pb_section]<\/p>\n","protected":false},"excerpt":{"rendered":"<p>DESPEDIDAS DE SOLTERO IBIZAExperiencia de despedida de soltero en moto de agua en Ibiza Jetski.club ofrece una experiencia en moto de agua de alta energ\u00eda para despedidas de soltero en Ibiza, pensada para grupos que quieren celebrar en el mar de forma estructurada, segura y memorable. La experiencia se centra en excursiones guiadas en moto [&hellip;]<\/p>\n","protected":false},"author":1,"featured_media":16459,"parent":8542,"menu_order":0,"comment_status":"closed","ping_status":"closed","template":"","meta":{"_et_pb_use_builder":"on","_et_pb_old_content":"<!-- wp:divi\/placeholder \/-->","_et_gb_content_width":"","footnotes":""},"class_list":["post-8543","page","type-page","status-publish","has-post-thumbnail","hentry"],"yoast_head":"<!-- This site is optimized with the Yoast SEO plugin v26.1.1 - https:\/\/yoast.com\/wordpress\/plugins\/seo\/ -->\n<title>Despedidas de soltero con deportes acu\u00e1ticos - Jet Ski Ibiza | Tours Guiados Oficiales | jetski.club<\/title>\n<meta name=\"description\" content=\"Despedida de soltero con deportes acu\u00e1ticos en Ibiza. La mejor experiencia de tu vida garantizada abordo de nuestros yates de lujo &amp; actividades acu\u00e1ticas!\" \/>\n<meta name=\"robots\" content=\"index, follow, max-snippet:-1, max-image-preview:large, max-video-preview:-1\" \/>\n<link rel=\"canonical\" href=\"https:\/\/yachtwatersports.com\/es\/eventos-deportes-acuaticos-ibiza\/despedidas-de-soltero-ibiza\/\" \/>\n<meta property=\"og:locale\" content=\"es_ES\" \/>\n<meta property=\"og:type\" content=\"article\" \/>\n<meta property=\"og:title\" content=\"Despedidas de soltero con deportes acu\u00e1ticos - Jet Ski Ibiza | Tours Guiados Oficiales | jetski.club\" \/>\n<meta property=\"og:description\" content=\"Despedida de soltero con deportes acu\u00e1ticos en Ibiza. La mejor experiencia de tu vida garantizada abordo de nuestros yates de lujo &amp; actividades acu\u00e1ticas!\" \/>\n<meta property=\"og:url\" content=\"https:\/\/yachtwatersports.com\/es\/eventos-deportes-acuaticos-ibiza\/despedidas-de-soltero-ibiza\/\" \/>\n<meta property=\"og:site_name\" content=\"Jet Ski Ibiza | Tours Guiados Oficiales | jetski.club\" \/>\n<meta property=\"article:modified_time\" content=\"2026-02-15T10:33:22+00:00\" \/>\n<meta name=\"twitter:card\" content=\"summary_large_image\" \/>\n<meta name=\"twitter:label1\" content=\"Tiempo de lectura\" \/>\n\t<meta name=\"twitter:data1\" content=\"3 minutos\" \/>\n<script type=\"application\/ld+json\" class=\"yoast-schema-graph\">{\"@context\":\"https:\/\/schema.org\",\"@graph\":[{\"@type\":\"WebPage\",\"@id\":\"https:\/\/yachtwatersports.com\/es\/eventos-deportes-acuaticos-ibiza\/despedidas-de-soltero-ibiza\/\",\"url\":\"https:\/\/yachtwatersports.com\/es\/eventos-deportes-acuaticos-ibiza\/despedidas-de-soltero-ibiza\/\",\"name\":\"Despedidas de soltero con deportes acu\u00e1ticos - Jet Ski Ibiza | Tours Guiados Oficiales | jetski.club\",\"isPartOf\":{\"@id\":\"https:\/\/yachtwatersports.com\/#website\"},\"primaryImageOfPage\":{\"@id\":\"https:\/\/yachtwatersports.com\/es\/eventos-deportes-acuaticos-ibiza\/despedidas-de-soltero-ibiza\/#primaryimage\"},\"image\":{\"@id\":\"https:\/\/yachtwatersports.com\/es\/eventos-deportes-acuaticos-ibiza\/despedidas-de-soltero-ibiza\/#primaryimage\"},\"thumbnailUrl\":\"https:\/\/yachtwatersports.com\/wp-content\/uploads\/2023\/12\/DJI_0141-2-1.jpg\",\"datePublished\":\"2019-11-25T16:37:54+00:00\",\"dateModified\":\"2026-02-15T10:33:22+00:00\",\"description\":\"Despedida de soltero con deportes acu\u00e1ticos en Ibiza. La mejor experiencia de tu vida garantizada abordo de nuestros yates de lujo & actividades acu\u00e1ticas!\",\"breadcrumb\":{\"@id\":\"https:\/\/yachtwatersports.com\/es\/eventos-deportes-acuaticos-ibiza\/despedidas-de-soltero-ibiza\/#breadcrumb\"},\"inLanguage\":\"es\",\"potentialAction\":[{\"@type\":\"ReadAction\",\"target\":[\"https:\/\/yachtwatersports.com\/es\/eventos-deportes-acuaticos-ibiza\/despedidas-de-soltero-ibiza\/\"]}]},{\"@type\":\"ImageObject\",\"inLanguage\":\"es\",\"@id\":\"https:\/\/yachtwatersports.com\/es\/eventos-deportes-acuaticos-ibiza\/despedidas-de-soltero-ibiza\/#primaryimage\",\"url\":\"https:\/\/yachtwatersports.com\/wp-content\/uploads\/2023\/12\/DJI_0141-2-1.jpg\",\"contentUrl\":\"https:\/\/yachtwatersports.com\/wp-content\/uploads\/2023\/12\/DJI_0141-2-1.jpg\",\"width\":711,\"height\":496},{\"@type\":\"BreadcrumbList\",\"@id\":\"https:\/\/yachtwatersports.com\/es\/eventos-deportes-acuaticos-ibiza\/despedidas-de-soltero-ibiza\/#breadcrumb\",\"itemListElement\":[{\"@type\":\"ListItem\",\"position\":1,\"name\":\"Portada\",\"item\":\"https:\/\/yachtwatersports.com\/es\/\"},{\"@type\":\"ListItem\",\"position\":2,\"name\":\"Eventos deportes acu\u00e1ticos ibiza\",\"item\":\"https:\/\/yachtwatersports.com\/es\/eventos-deportes-acuaticos-ibiza\/\"},{\"@type\":\"ListItem\",\"position\":3,\"name\":\"Deportes acu\u00e1ticos &#8211; Despedidas de soltero\"}]},{\"@type\":\"WebSite\",\"@id\":\"https:\/\/yachtwatersports.com\/#website\",\"url\":\"https:\/\/yachtwatersports.com\/\",\"name\":\"Jet Ski Ibiza | Tours Guiados Oficiales | jetski.club\",\"description\":\"Experiencias profesionales en Moto de Agua desde Marina Santa Eulalia\",\"publisher\":{\"@id\":\"https:\/\/yachtwatersports.com\/#organization\"},\"alternateName\":\"Yacht Watersports Ibiza\",\"potentialAction\":[{\"@type\":\"SearchAction\",\"target\":{\"@type\":\"EntryPoint\",\"urlTemplate\":\"https:\/\/yachtwatersports.com\/?s={search_term_string}\"},\"query-input\":{\"@type\":\"PropertyValueSpecification\",\"valueRequired\":true,\"valueName\":\"search_term_string\"}}],\"inLanguage\":\"es\"},{\"@type\":\"Organization\",\"@id\":\"https:\/\/yachtwatersports.com\/#organization\",\"name\":\"Yacht Watersports\",\"url\":\"https:\/\/yachtwatersports.com\/\",\"logo\":{\"@type\":\"ImageObject\",\"inLanguage\":\"es\",\"@id\":\"https:\/\/yachtwatersports.com\/#\/schema\/logo\/image\/\",\"url\":\"https:\/\/yachtwatersports.com\/wp-content\/uploads\/2019\/05\/g12.png\",\"contentUrl\":\"https:\/\/yachtwatersports.com\/wp-content\/uploads\/2019\/05\/g12.png\",\"width\":600,\"height\":130,\"caption\":\"Yacht Watersports\"},\"image\":{\"@id\":\"https:\/\/yachtwatersports.com\/#\/schema\/logo\/image\/\"}}]}<\/script>\n<!-- \/ Yoast SEO plugin. -->","yoast_head_json":{"title":"Despedidas de soltero con deportes acu\u00e1ticos - Jet Ski Ibiza | Tours Guiados Oficiales | jetski.club","description":"Despedida de soltero con deportes acu\u00e1ticos en Ibiza. La mejor experiencia de tu vida garantizada abordo de nuestros yates de lujo & actividades acu\u00e1ticas!","robots":{"index":"index","follow":"follow","max-snippet":"max-snippet:-1","max-image-preview":"max-image-preview:large","max-video-preview":"max-video-preview:-1"},"canonical":"https:\/\/yachtwatersports.com\/es\/eventos-deportes-acuaticos-ibiza\/despedidas-de-soltero-ibiza\/","og_locale":"es_ES","og_type":"article","og_title":"Despedidas de soltero con deportes acu\u00e1ticos - Jet Ski Ibiza | Tours Guiados Oficiales | jetski.club","og_description":"Despedida de soltero con deportes acu\u00e1ticos en Ibiza. La mejor experiencia de tu vida garantizada abordo de nuestros yates de lujo & actividades acu\u00e1ticas!","og_url":"https:\/\/yachtwatersports.com\/es\/eventos-deportes-acuaticos-ibiza\/despedidas-de-soltero-ibiza\/","og_site_name":"Jet Ski Ibiza | Tours Guiados Oficiales | jetski.club","article_modified_time":"2026-02-15T10:33:22+00:00","twitter_card":"summary_large_image","twitter_misc":{"Tiempo de lectura":"3 minutos"},"schema":{"@context":"https:\/\/schema.org","@graph":[{"@type":"WebPage","@id":"https:\/\/yachtwatersports.com\/es\/eventos-deportes-acuaticos-ibiza\/despedidas-de-soltero-ibiza\/","url":"https:\/\/yachtwatersports.com\/es\/eventos-deportes-acuaticos-ibiza\/despedidas-de-soltero-ibiza\/","name":"Despedidas de soltero con deportes acu\u00e1ticos - Jet Ski Ibiza | Tours Guiados Oficiales | jetski.club","isPartOf":{"@id":"https:\/\/yachtwatersports.com\/#website"},"primaryImageOfPage":{"@id":"https:\/\/yachtwatersports.com\/es\/eventos-deportes-acuaticos-ibiza\/despedidas-de-soltero-ibiza\/#primaryimage"},"image":{"@id":"https:\/\/yachtwatersports.com\/es\/eventos-deportes-acuaticos-ibiza\/despedidas-de-soltero-ibiza\/#primaryimage"},"thumbnailUrl":"https:\/\/yachtwatersports.com\/wp-content\/uploads\/2023\/12\/DJI_0141-2-1.jpg","datePublished":"2019-11-25T16:37:54+00:00","dateModified":"2026-02-15T10:33:22+00:00","description":"Despedida de soltero con deportes acu\u00e1ticos en Ibiza. La mejor experiencia de tu vida garantizada abordo de nuestros yates de lujo & actividades acu\u00e1ticas!","breadcrumb":{"@id":"https:\/\/yachtwatersports.com\/es\/eventos-deportes-acuaticos-ibiza\/despedidas-de-soltero-ibiza\/#breadcrumb"},"inLanguage":"es","potentialAction":[{"@type":"ReadAction","target":["https:\/\/yachtwatersports.com\/es\/eventos-deportes-acuaticos-ibiza\/despedidas-de-soltero-ibiza\/"]}]},{"@type":"ImageObject","inLanguage":"es","@id":"https:\/\/yachtwatersports.com\/es\/eventos-deportes-acuaticos-ibiza\/despedidas-de-soltero-ibiza\/#primaryimage","url":"https:\/\/yachtwatersports.com\/wp-content\/uploads\/2023\/12\/DJI_0141-2-1.jpg","contentUrl":"https:\/\/yachtwatersports.com\/wp-content\/uploads\/2023\/12\/DJI_0141-2-1.jpg","width":711,"height":496},{"@type":"BreadcrumbList","@id":"https:\/\/yachtwatersports.com\/es\/eventos-deportes-acuaticos-ibiza\/despedidas-de-soltero-ibiza\/#breadcrumb","itemListElement":[{"@type":"ListItem","position":1,"name":"Portada","item":"https:\/\/yachtwatersports.com\/es\/"},{"@type":"ListItem","position":2,"name":"Eventos deportes acu\u00e1ticos ibiza","item":"https:\/\/yachtwatersports.com\/es\/eventos-deportes-acuaticos-ibiza\/"},{"@type":"ListItem","position":3,"name":"Deportes acu\u00e1ticos &#8211; Despedidas de soltero"}]},{"@type":"WebSite","@id":"https:\/\/yachtwatersports.com\/#website","url":"https:\/\/yachtwatersports.com\/","name":"Jet Ski Ibiza | Tours Guiados Oficiales | jetski.club","description":"Experiencias profesionales en Moto de Agua desde Marina Santa Eulalia","publisher":{"@id":"https:\/\/yachtwatersports.com\/#organization"},"alternateName":"Yacht Watersports Ibiza","potentialAction":[{"@type":"SearchAction","target":{"@type":"EntryPoint","urlTemplate":"https:\/\/yachtwatersports.com\/?s={search_term_string}"},"query-input":{"@type":"PropertyValueSpecification","valueRequired":true,"valueName":"search_term_string"}}],"inLanguage":"es"},{"@type":"Organization","@id":"https:\/\/yachtwatersports.com\/#organization","name":"Yacht Watersports","url":"https:\/\/yachtwatersports.com\/","logo":{"@type":"ImageObject","inLanguage":"es","@id":"https:\/\/yachtwatersports.com\/#\/schema\/logo\/image\/","url":"https:\/\/yachtwatersports.com\/wp-content\/uploads\/2019\/05\/g12.png","contentUrl":"https:\/\/yachtwatersports.com\/wp-content\/uploads\/2019\/05\/g12.png","width":600,"height":130,"caption":"Yacht Watersports"},"image":{"@id":"https:\/\/yachtwatersports.com\/#\/schema\/logo\/image\/"}}]}},"_links":{"self":[{"href":"https:\/\/yachtwatersports.com\/es\/wp-json\/wp\/v2\/pages\/8543","targetHints":{"allow":["GET"]}}],"collection":[{"href":"https:\/\/yachtwatersports.com\/es\/wp-json\/wp\/v2\/pages"}],"about":[{"href":"https:\/\/yachtwatersports.com\/es\/wp-json\/wp\/v2\/types\/page"}],"author":[{"embeddable":true,"href":"https:\/\/yachtwatersports.com\/es\/wp-json\/wp\/v2\/users\/1"}],"replies":[{"embeddable":true,"href":"https:\/\/yachtwatersports.com\/es\/wp-json\/wp\/v2\/comments?post=8543"}],"version-history":[{"count":12,"href":"https:\/\/yachtwatersports.com\/es\/wp-json\/wp\/v2\/pages\/8543\/revisions"}],"predecessor-version":[{"id":17869,"href":"https:\/\/yachtwatersports.com\/es\/wp-json\/wp\/v2\/pages\/8543\/revisions\/17869"}],"up":[{"embeddable":true,"href":"https:\/\/yachtwatersports.com\/es\/wp-json\/wp\/v2\/pages\/8542"}],"wp:featuredmedia":[{"embeddable":true,"href":"https:\/\/yachtwatersports.com\/es\/wp-json\/wp\/v2\/media\/16459"}],"wp:attachment":[{"href":"https:\/\/yachtwatersports.com\/es\/wp-json\/wp\/v2\/media?parent=8543"}],"curies":[{"name":"wp","href":"https:\/\/api.w.org\/{rel}","templated":true}]}}