{"id":6849,"date":"2019-09-02T18:36:30","date_gmt":"2019-09-02T18:36:30","guid":{"rendered":"https:\/\/yachtwatersports.com\/tienda\/"},"modified":"2026-03-02T19:07:46","modified_gmt":"2026-03-02T18:07:46","slug":"tienda-juguetes-yates","status":"publish","type":"page","link":"https:\/\/yachtwatersports.com\/es\/tienda-juguetes-yates\/","title":{"rendered":"TIENDA"},"content":{"rendered":"<p>[et_pb_section fb_built=&#8221;1&#8243; _builder_version=&#8221;4.16&#8243; custom_padding=&#8221;22px||86px|||&#8221; global_colors_info=&#8221;{}&#8221;][\/et_pb_section][et_pb_section fb_built=&#8221;1&#8243; _builder_version=&#8221;4.16&#8243; custom_margin=&#8221;-39px|||||&#8221; custom_padding=&#8221;0px||12px|||&#8221; global_colors_info=&#8221;{}&#8221;][et_pb_row column_structure=&#8221;1_2,1_2&#8243; _builder_version=&#8221;4.16&#8243; width=&#8221;83.8%&#8221; max_width=&#8221;1280px&#8221; custom_padding=&#8221;7px|||||&#8221; global_colors_info=&#8221;{}&#8221;][et_pb_column type=&#8221;1_2&#8243; _builder_version=&#8221;4.16&#8243; custom_padding=&#8221;|||&#8221; global_colors_info=&#8221;{}&#8221; custom_padding__hover=&#8221;|||&#8221;][et_pb_text _builder_version=&#8221;4.27.4&#8243; custom_padding=&#8221;|39px||30px||&#8221; hover_enabled=&#8221;0&#8243; global_colors_info=&#8221;{}&#8221; sticky_enabled=&#8221;0&#8243; custom_padding_last_edited=&#8221;on|phone&#8221; custom_padding_phone=&#8221;|0px||0px|false|false&#8221; custom_padding_tablet=&#8221;|39px||30px||&#8221;]<\/p>\n<p><img loading=\"lazy\" decoding=\"async\" src=\"https:\/\/yachtwatersports.com\/wp-content\/uploads\/2025\/04\/logo-jetski.club_-480x99.png\" width=\"300\" height=\"62\" alt=\"\" class=\"wp-image-17082 alignnone size-medium\" srcset=\"https:\/\/yachtwatersports.com\/wp-content\/uploads\/2025\/04\/logo-jetski.club_-480x99.png 480w, https:\/\/yachtwatersports.com\/wp-content\/uploads\/2025\/04\/logo-jetski.club_-768x158.png 768w, https:\/\/yachtwatersports.com\/wp-content\/uploads\/2025\/04\/logo-jetski.club_-1200x247.png 1200w, https:\/\/yachtwatersports.com\/wp-content\/uploads\/2025\/04\/logo-jetski.club_-780x160.png 780w, https:\/\/yachtwatersports.com\/wp-content\/uploads\/2025\/04\/logo-jetski.club_-1080x222.png 1080w, https:\/\/yachtwatersports.com\/wp-content\/uploads\/2025\/04\/logo-jetski.club_-600x123.png 600w, https:\/\/yachtwatersports.com\/wp-content\/uploads\/2025\/04\/logo-jetski.club_.png 1920w\" sizes=\"(max-width: 300px) 100vw, 300px\" \/><\/p>\n<p>La <a href=\"https:\/\/maps.app.goo.gl\/BnZtGrEJDqthM1fF8\"><strong>tienda y oficina de jetski.club<\/strong><\/a> est\u00e1n ubicadas en una <strong>posici\u00f3n privilegiada dentro de Marina Santa Eulalia<\/strong>, una de las marinas m\u00e1s consolidadas y mejor conectadas de la costa este de Ibiza. Esta ubicaci\u00f3n funciona como <strong>base operativa<\/strong>, <strong>punto de recepci\u00f3n de clientes<\/strong> y <strong>centro de coordinaci\u00f3n<\/strong> para todos los tours en moto de agua y servicios asociados.<\/p>\n<p>Desde aqu\u00ed, el equipo de jetski.club gestiona las <strong>operaciones diarias de los tours<\/strong>, las <strong>reservas<\/strong>, la <strong>log\u00edstica<\/strong> y la <strong>coordinaci\u00f3n con colaboradores y partners<\/strong>. La tienda y oficina act\u00faan tambi\u00e9n como <strong>punto de referencia f\u00edsico dentro de la marina<\/strong> para clientes, colaboradores y socios comerciales.<\/p>\n<p>De cara a la <strong>temporada 2026<\/strong>, jetski.club colabora con <strong>Oceanica<\/strong>, una marca de ropa lifestyle reconocida por ofrecer <strong>prendas de alta calidad a precios accesibles<\/strong>. Como parte de esta colaboraci\u00f3n, el equipo de jetski.club vestir\u00e1 <strong>Oceanica<\/strong>durante toda la temporada, tanto en las instalaciones como durante las operaciones, reflejando un enfoque compartido en <strong>funcionalidad, durabilidad y dise\u00f1o limpio<\/strong>.<\/p>\n<p>Jetski.club es adem\u00e1s <strong>embajador y partner oficial de <a href=\"https:\/\/oceanicabrand.com\">Oceanica<\/a><\/strong>. M\u00e1s all\u00e1 de la colaboraci\u00f3n estacional, apoyamos la <strong>expansi\u00f3n de la marca en nuevos mercados<\/strong>. Personas o empresas interesadas en <strong>convertirse en distribuidores<\/strong>, <strong>abrir tiendas Oceanica<\/strong> o <strong>desarrollar la marca en nuevas ciudades o pa\u00edses<\/strong> pueden <strong>contactarnos directamente<\/strong> para valorar posibles oportunidades.<\/p>\n<p>La ubicaci\u00f3n de nuestra tienda y oficina dentro de Marina Santa Eulalia permite un <strong>acceso c\u00f3modo por tierra y por mar<\/strong>, y sit\u00faa a jetski.club en un entorno din\u00e1mico rodeado de <strong>restaurantes, servicios e infraestructuras de marina<\/strong>, reforzando su papel como <strong>base de operaciones profesional y accesible en Ibiza<\/strong>.<\/p>\n<p>[\/et_pb_text][\/et_pb_column][et_pb_column type=&#8221;1_2&#8243; _builder_version=&#8221;4.16&#8243; custom_padding=&#8221;|||&#8221; global_colors_info=&#8221;{}&#8221; custom_padding__hover=&#8221;|||&#8221;][et_pb_text _builder_version=&#8221;4.27.4&#8243; global_colors_info=&#8221;{}&#8221;]<\/p>\n<h5 style=\"text-align: center;\">\u00a0<img loading=\"lazy\" decoding=\"async\" src=\"https:\/\/yachtwatersports.com\/wp-content\/uploads\/2026\/02\/jetski_club_store_400k-360x480.jpeg\" width=\"360\" height=\"480\" alt=\"\" class=\"wp-image-17753 alignnone size-medium\" \/><\/h5>\n<h5 style=\"text-align: center;\">JETSKI.CLUB IBIZA STORE AND OFFICE<\/h5>\n<p>[\/et_pb_text][\/et_pb_column][\/et_pb_row][\/et_pb_section][et_pb_section fb_built=&#8221;1&#8243; _builder_version=&#8221;4.16&#8243; global_colors_info=&#8221;{}&#8221;][et_pb_row column_structure=&#8221;1_3,1_3,1_3&#8243; module_id=&#8221;photos&#8221; _builder_version=&#8221;4.16&#8243; width=&#8221;100%&#8221; max_width=&#8221;100%&#8221; min_height=&#8221;217px&#8221; custom_margin=&#8221;-64px|auto||auto||&#8221; custom_padding=&#8221;||0px|||&#8221; global_colors_info=&#8221;{}&#8221;][et_pb_column type=&#8221;1_3&#8243; module_class=&#8221;sin-margenes&#8221; _builder_version=&#8221;4.16&#8243; custom_padding=&#8221;|||&#8221; global_colors_info=&#8221;{}&#8221; custom_padding__hover=&#8221;|||&#8221;][et_pb_image src=&#8221;https:\/\/yachtwatersports.com\/wp-content\/uploads\/2021\/12\/tienda.jpg&#8221; show_bottom_space=&#8221;off&#8221; align_tablet=&#8221;center&#8221; align_phone=&#8221;center&#8221; align_last_edited=&#8221;on|desktop&#8221; _builder_version=&#8221;4.16&#8243; global_colors_info=&#8221;{}&#8221;][\/et_pb_image][\/et_pb_column][et_pb_column type=&#8221;1_3&#8243; module_class=&#8221;sin-margenes&#8221; _builder_version=&#8221;4.16&#8243; custom_padding=&#8221;|||&#8221; global_colors_info=&#8221;{}&#8221; custom_padding__hover=&#8221;|||&#8221;][et_pb_image src=&#8221;https:\/\/yachtwatersports.com\/wp-content\/uploads\/2021\/12\/marina.jpg&#8221; align=&#8221;center&#8221; align_tablet=&#8221;center&#8221; align_phone=&#8221;center&#8221; align_last_edited=&#8221;on|desktop&#8221; _builder_version=&#8221;4.16&#8243; global_colors_info=&#8221;{}&#8221;][\/et_pb_image][\/et_pb_column][et_pb_column type=&#8221;1_3&#8243; module_class=&#8221;sin-margenes&#8221; _builder_version=&#8221;4.16&#8243; custom_padding=&#8221;|||&#8221; global_colors_info=&#8221;{}&#8221; custom_padding__hover=&#8221;|||&#8221;][et_pb_image src=&#8221;https:\/\/yachtwatersports.com\/wp-content\/uploads\/2021\/12\/tienda2.jpg&#8221; align=&#8221;center&#8221; align_tablet=&#8221;center&#8221; align_phone=&#8221;center&#8221; align_last_edited=&#8221;on|desktop&#8221; _builder_version=&#8221;4.16&#8243; global_colors_info=&#8221;{}&#8221;][\/et_pb_image][\/et_pb_column][\/et_pb_row][\/et_pb_section]<\/p>\n","protected":false},"excerpt":{"rendered":"<p>La tienda y oficina de jetski.club est\u00e1n ubicadas en una posici\u00f3n privilegiada dentro de Marina Santa Eulalia, una de las marinas m\u00e1s consolidadas y mejor conectadas de la costa este de Ibiza. Esta ubicaci\u00f3n funciona como base operativa, punto de recepci\u00f3n de clientes y centro de coordinaci\u00f3n para todos los tours en moto de agua [&hellip;]<\/p>\n","protected":false},"author":1,"featured_media":0,"parent":0,"menu_order":0,"comment_status":"closed","ping_status":"closed","template":"","meta":{"_et_pb_use_builder":"on","_et_pb_old_content":"","_et_gb_content_width":"","footnotes":""},"class_list":["post-6849","page","type-page","status-publish","hentry"],"yoast_head":"<!-- This site is optimized with the Yoast SEO plugin v26.1.1 - https:\/\/yoast.com\/wordpress\/plugins\/seo\/ -->\n<title>Yacht Watersports store - Tienda de juguetes para yates en Ibiza<\/title>\n<meta name=\"description\" content=\"Tienda de juguetes acu\u00e1ticos para yates - Stock y entrega inmediata de los principales juguetes para yates del mercado - Parking privado para clientes\" \/>\n<meta name=\"robots\" content=\"index, follow, max-snippet:-1, max-image-preview:large, max-video-preview:-1\" \/>\n<link rel=\"canonical\" href=\"https:\/\/yachtwatersports.com\/es\/tienda-juguetes-yates\/\" \/>\n<meta property=\"og:locale\" content=\"es_ES\" \/>\n<meta property=\"og:type\" content=\"article\" \/>\n<meta property=\"og:title\" content=\"Yacht Watersports store - Tienda de juguetes para yates en Ibiza\" \/>\n<meta property=\"og:description\" content=\"Tienda de juguetes acu\u00e1ticos para yates - Stock y entrega inmediata de los principales juguetes para yates del mercado - Parking privado para clientes\" \/>\n<meta property=\"og:url\" content=\"https:\/\/yachtwatersports.com\/es\/tienda-juguetes-yates\/\" \/>\n<meta property=\"og:site_name\" content=\"Jet Ski Ibiza | Tours Guiados Oficiales | jetski.club\" \/>\n<meta property=\"article:modified_time\" content=\"2026-03-02T18:07:46+00:00\" \/>\n<meta property=\"og:image\" content=\"https:\/\/yachtwatersports.com\/wp-content\/uploads\/2021\/12\/tienda.jpg\" \/>\n\t<meta property=\"og:image:width\" content=\"2100\" \/>\n\t<meta property=\"og:image:height\" content=\"1179\" \/>\n\t<meta property=\"og:image:type\" content=\"image\/jpeg\" \/>\n<meta name=\"twitter:card\" content=\"summary_large_image\" \/>\n<meta name=\"twitter:label1\" content=\"Tiempo de lectura\" \/>\n\t<meta name=\"twitter:data1\" content=\"3 minutos\" \/>\n<script type=\"application\/ld+json\" class=\"yoast-schema-graph\">{\"@context\":\"https:\/\/schema.org\",\"@graph\":[{\"@type\":\"WebPage\",\"@id\":\"https:\/\/yachtwatersports.com\/es\/tienda-juguetes-yates\/\",\"url\":\"https:\/\/yachtwatersports.com\/es\/tienda-juguetes-yates\/\",\"name\":\"Yacht Watersports store - Tienda de juguetes para yates en Ibiza\",\"isPartOf\":{\"@id\":\"https:\/\/yachtwatersports.com\/#website\"},\"primaryImageOfPage\":{\"@id\":\"https:\/\/yachtwatersports.com\/es\/tienda-juguetes-yates\/#primaryimage\"},\"image\":{\"@id\":\"https:\/\/yachtwatersports.com\/es\/tienda-juguetes-yates\/#primaryimage\"},\"thumbnailUrl\":\"https:\/\/yachtwatersports.com\/wp-content\/uploads\/2025\/04\/logo-jetski.club_-480x99.png\",\"datePublished\":\"2019-09-02T18:36:30+00:00\",\"dateModified\":\"2026-03-02T18:07:46+00:00\",\"description\":\"Tienda de juguetes acu\u00e1ticos para yates - Stock y entrega inmediata de los principales juguetes para yates del mercado - Parking privado para clientes\",\"breadcrumb\":{\"@id\":\"https:\/\/yachtwatersports.com\/es\/tienda-juguetes-yates\/#breadcrumb\"},\"inLanguage\":\"es\",\"potentialAction\":[{\"@type\":\"ReadAction\",\"target\":[\"https:\/\/yachtwatersports.com\/es\/tienda-juguetes-yates\/\"]}]},{\"@type\":\"ImageObject\",\"inLanguage\":\"es\",\"@id\":\"https:\/\/yachtwatersports.com\/es\/tienda-juguetes-yates\/#primaryimage\",\"url\":\"https:\/\/yachtwatersports.com\/wp-content\/uploads\/2025\/04\/logo-jetski.club_-480x99.png\",\"contentUrl\":\"https:\/\/yachtwatersports.com\/wp-content\/uploads\/2025\/04\/logo-jetski.club_-480x99.png\"},{\"@type\":\"BreadcrumbList\",\"@id\":\"https:\/\/yachtwatersports.com\/es\/tienda-juguetes-yates\/#breadcrumb\",\"itemListElement\":[{\"@type\":\"ListItem\",\"position\":1,\"name\":\"Portada\",\"item\":\"https:\/\/yachtwatersports.com\/es\/\"},{\"@type\":\"ListItem\",\"position\":2,\"name\":\"TIENDA\"}]},{\"@type\":\"WebSite\",\"@id\":\"https:\/\/yachtwatersports.com\/#website\",\"url\":\"https:\/\/yachtwatersports.com\/\",\"name\":\"Jet Ski Ibiza | Tours Guiados Oficiales | jetski.club\",\"description\":\"Experiencias profesionales en Moto de Agua desde Marina Santa Eulalia\",\"publisher\":{\"@id\":\"https:\/\/yachtwatersports.com\/#organization\"},\"alternateName\":\"Yacht Watersports Ibiza\",\"potentialAction\":[{\"@type\":\"SearchAction\",\"target\":{\"@type\":\"EntryPoint\",\"urlTemplate\":\"https:\/\/yachtwatersports.com\/?s={search_term_string}\"},\"query-input\":{\"@type\":\"PropertyValueSpecification\",\"valueRequired\":true,\"valueName\":\"search_term_string\"}}],\"inLanguage\":\"es\"},{\"@type\":\"Organization\",\"@id\":\"https:\/\/yachtwatersports.com\/#organization\",\"name\":\"Yacht Watersports\",\"url\":\"https:\/\/yachtwatersports.com\/\",\"logo\":{\"@type\":\"ImageObject\",\"inLanguage\":\"es\",\"@id\":\"https:\/\/yachtwatersports.com\/#\/schema\/logo\/image\/\",\"url\":\"https:\/\/yachtwatersports.com\/wp-content\/uploads\/2019\/05\/g12.png\",\"contentUrl\":\"https:\/\/yachtwatersports.com\/wp-content\/uploads\/2019\/05\/g12.png\",\"width\":600,\"height\":130,\"caption\":\"Yacht Watersports\"},\"image\":{\"@id\":\"https:\/\/yachtwatersports.com\/#\/schema\/logo\/image\/\"}}]}<\/script>\n<!-- \/ Yoast SEO plugin. -->","yoast_head_json":{"title":"Yacht Watersports store - Tienda de juguetes para yates en Ibiza","description":"Tienda de juguetes acu\u00e1ticos para yates - Stock y entrega inmediata de los principales juguetes para yates del mercado - Parking privado para clientes","robots":{"index":"index","follow":"follow","max-snippet":"max-snippet:-1","max-image-preview":"max-image-preview:large","max-video-preview":"max-video-preview:-1"},"canonical":"https:\/\/yachtwatersports.com\/es\/tienda-juguetes-yates\/","og_locale":"es_ES","og_type":"article","og_title":"Yacht Watersports store - Tienda de juguetes para yates en Ibiza","og_description":"Tienda de juguetes acu\u00e1ticos para yates - Stock y entrega inmediata de los principales juguetes para yates del mercado - Parking privado para clientes","og_url":"https:\/\/yachtwatersports.com\/es\/tienda-juguetes-yates\/","og_site_name":"Jet Ski Ibiza | Tours Guiados Oficiales | jetski.club","article_modified_time":"2026-03-02T18:07:46+00:00","og_image":[{"width":2100,"height":1179,"url":"https:\/\/yachtwatersports.com\/wp-content\/uploads\/2021\/12\/tienda.jpg","type":"image\/jpeg"}],"twitter_card":"summary_large_image","twitter_misc":{"Tiempo de lectura":"3 minutos"},"schema":{"@context":"https:\/\/schema.org","@graph":[{"@type":"WebPage","@id":"https:\/\/yachtwatersports.com\/es\/tienda-juguetes-yates\/","url":"https:\/\/yachtwatersports.com\/es\/tienda-juguetes-yates\/","name":"Yacht Watersports store - Tienda de juguetes para yates en Ibiza","isPartOf":{"@id":"https:\/\/yachtwatersports.com\/#website"},"primaryImageOfPage":{"@id":"https:\/\/yachtwatersports.com\/es\/tienda-juguetes-yates\/#primaryimage"},"image":{"@id":"https:\/\/yachtwatersports.com\/es\/tienda-juguetes-yates\/#primaryimage"},"thumbnailUrl":"https:\/\/yachtwatersports.com\/wp-content\/uploads\/2025\/04\/logo-jetski.club_-480x99.png","datePublished":"2019-09-02T18:36:30+00:00","dateModified":"2026-03-02T18:07:46+00:00","description":"Tienda de juguetes acu\u00e1ticos para yates - Stock y entrega inmediata de los principales juguetes para yates del mercado - Parking privado para clientes","breadcrumb":{"@id":"https:\/\/yachtwatersports.com\/es\/tienda-juguetes-yates\/#breadcrumb"},"inLanguage":"es","potentialAction":[{"@type":"ReadAction","target":["https:\/\/yachtwatersports.com\/es\/tienda-juguetes-yates\/"]}]},{"@type":"ImageObject","inLanguage":"es","@id":"https:\/\/yachtwatersports.com\/es\/tienda-juguetes-yates\/#primaryimage","url":"https:\/\/yachtwatersports.com\/wp-content\/uploads\/2025\/04\/logo-jetski.club_-480x99.png","contentUrl":"https:\/\/yachtwatersports.com\/wp-content\/uploads\/2025\/04\/logo-jetski.club_-480x99.png"},{"@type":"BreadcrumbList","@id":"https:\/\/yachtwatersports.com\/es\/tienda-juguetes-yates\/#breadcrumb","itemListElement":[{"@type":"ListItem","position":1,"name":"Portada","item":"https:\/\/yachtwatersports.com\/es\/"},{"@type":"ListItem","position":2,"name":"TIENDA"}]},{"@type":"WebSite","@id":"https:\/\/yachtwatersports.com\/#website","url":"https:\/\/yachtwatersports.com\/","name":"Jet Ski Ibiza | Tours Guiados Oficiales | jetski.club","description":"Experiencias profesionales en Moto de Agua desde Marina Santa Eulalia","publisher":{"@id":"https:\/\/yachtwatersports.com\/#organization"},"alternateName":"Yacht Watersports Ibiza","potentialAction":[{"@type":"SearchAction","target":{"@type":"EntryPoint","urlTemplate":"https:\/\/yachtwatersports.com\/?s={search_term_string}"},"query-input":{"@type":"PropertyValueSpecification","valueRequired":true,"valueName":"search_term_string"}}],"inLanguage":"es"},{"@type":"Organization","@id":"https:\/\/yachtwatersports.com\/#organization","name":"Yacht Watersports","url":"https:\/\/yachtwatersports.com\/","logo":{"@type":"ImageObject","inLanguage":"es","@id":"https:\/\/yachtwatersports.com\/#\/schema\/logo\/image\/","url":"https:\/\/yachtwatersports.com\/wp-content\/uploads\/2019\/05\/g12.png","contentUrl":"https:\/\/yachtwatersports.com\/wp-content\/uploads\/2019\/05\/g12.png","width":600,"height":130,"caption":"Yacht Watersports"},"image":{"@id":"https:\/\/yachtwatersports.com\/#\/schema\/logo\/image\/"}}]}},"_links":{"self":[{"href":"https:\/\/yachtwatersports.com\/es\/wp-json\/wp\/v2\/pages\/6849","targetHints":{"allow":["GET"]}}],"collection":[{"href":"https:\/\/yachtwatersports.com\/es\/wp-json\/wp\/v2\/pages"}],"about":[{"href":"https:\/\/yachtwatersports.com\/es\/wp-json\/wp\/v2\/types\/page"}],"author":[{"embeddable":true,"href":"https:\/\/yachtwatersports.com\/es\/wp-json\/wp\/v2\/users\/1"}],"replies":[{"embeddable":true,"href":"https:\/\/yachtwatersports.com\/es\/wp-json\/wp\/v2\/comments?post=6849"}],"version-history":[{"count":24,"href":"https:\/\/yachtwatersports.com\/es\/wp-json\/wp\/v2\/pages\/6849\/revisions"}],"predecessor-version":[{"id":18935,"href":"https:\/\/yachtwatersports.com\/es\/wp-json\/wp\/v2\/pages\/6849\/revisions\/18935"}],"wp:attachment":[{"href":"https:\/\/yachtwatersports.com\/es\/wp-json\/wp\/v2\/media?parent=6849"}],"curies":[{"name":"wp","href":"https:\/\/api.w.org\/{rel}","templated":true}]}}