{"id":6150,"date":"2019-07-08T11:54:05","date_gmt":"2019-07-08T11:54:05","guid":{"rendered":"https:\/\/yachtwatersports.com\/contacto\/"},"modified":"2026-03-18T09:11:57","modified_gmt":"2026-03-18T08:11:57","slug":"contactar-con-yacht-watersports-ibiza","status":"publish","type":"page","link":"https:\/\/yachtwatersports.com\/es\/contactar-con-yacht-watersports-ibiza\/","title":{"rendered":"Contacto jetski.club | Centro de motos de agua en Ibiza"},"content":{"rendered":"<p>[et_pb_section fb_built=&#8221;1&#8243; _builder_version=&#8221;4.16&#8243; background_color=&#8221;#f7f9f9&#8243; global_colors_info=&#8221;{}&#8221;][et_pb_row _builder_version=&#8221;4.27.4&#8243; _module_preset=&#8221;default&#8221; custom_padding=&#8221;33px|||||&#8221; global_colors_info=&#8221;{}&#8221;][et_pb_column type=&#8221;4_4&#8243; _builder_version=&#8221;4.27.4&#8243; _module_preset=&#8221;default&#8221; global_colors_info=&#8221;{}&#8221;][et_pb_text _builder_version=&#8221;4.27.4&#8243; _module_preset=&#8221;default&#8221; global_colors_info=&#8221;{}&#8221;]<\/p>\n<h1><strong>Contacto jetski.club \u2013 reservas y atenci\u00f3n al cliente en Ibiza<\/strong><\/h1>\n<p>En <strong>jetski.club<\/strong> estamos a tu disposici\u00f3n para ayudarte a planificar la <strong>mejor experiencia en moto de agua en Ibiza<\/strong>, resolver cualquier duda antes de reservar o gestionar servicios personalizados y tours privados. Nuestro equipo opera desde <strong>Marina Santa Eulalia<\/strong>, uno de los puertos deportivos m\u00e1s accesibles y mejor ubicados de la isla.<\/p>\n<p>A trav\u00e9s de esta p\u00e1gina puedes <strong>contactar directamente con nuestro equipo de reservas<\/strong>, solicitar informaci\u00f3n detallada sobre <strong>tours en moto de agua<\/strong>, <strong>experiencias VIP<\/strong>, <strong>servicio de transfer<\/strong>, <strong>eventos<\/strong>, <strong>grupos privados<\/strong> o cualquier aspecto relacionado con nuestras instalaciones y operaciones en Santa Eulalia.<\/p>\n<p>Disponemos de <strong>varios puntos f\u00edsicos dentro de Marina Santa Eulalia<\/strong>, incluyendo tienda, oficinas, centro de reservas, centro t\u00e9cnico y el propio <strong>jet ski center<\/strong>, situado frente al <strong>CBBC Marina Santa Eulalia<\/strong>. Esto nos permite ofrecer una atenci\u00f3n directa, r\u00e1pida y bien coordinada tanto a clientes como a colaboradores.<\/p>\n<p>Nuestro equipo est\u00e1 disponible por <strong>correo electr\u00f3nico y tel\u00e9fono<\/strong> para atender consultas relacionadas con:<\/p>\n<ul>\n<li>Reservas de tours en moto de agua en Ibiza<\/li>\n<li>Tours privados y experiencias VIP<\/li>\n<li>Horarios, precios y disponibilidad<\/li>\n<li>Requisitos, seguridad y normativa<\/li>\n<li>Ubicaci\u00f3n, accesos y parking<\/li>\n<li>Grupos, eventos e incentivos<\/li>\n<\/ul>\n<p>Si est\u00e1s en Ibiza o planeas visitar la isla, te invitamos a <strong>contactarnos o visitarnos directamente en Marina Santa Eulalia<\/strong>. Estaremos encantados de asesorarte y ayudarte a organizar una experiencia en moto de agua <strong>segura, profesional y perfectamente adaptada a tus necesidades<\/strong>.<\/p>\n<p>[\/et_pb_text][\/et_pb_column][\/et_pb_row][et_pb_row column_structure=&#8221;1_2,1_2&#8243; _builder_version=&#8221;4.27.4&#8243; _module_preset=&#8221;default&#8221; global_colors_info=&#8221;{}&#8221;][et_pb_column type=&#8221;1_2&#8243; _builder_version=&#8221;4.27.4&#8243; _module_preset=&#8221;default&#8221; global_colors_info=&#8221;{}&#8221;][et_pb_text _builder_version=&#8221;4.27.4&#8243; _module_preset=&#8221;default&#8221; custom_margin=&#8221;19px|||||&#8221; global_colors_info=&#8221;{}&#8221;]<\/p>\n<h2>Datos de Contacto<\/h2>\n<h5><strong>\u00a0<\/strong><\/h5>\n<h5><strong>Ubicaci\u00f3nes f\u00edsicas<\/strong><strong><\/strong><\/h5>\n<p><span style=\"color: #00ccff;\"><a href=\"https:\/\/maps.app.goo.gl\/1UCnQDnyqJKRzTGP6\" style=\"color: #00ccff;\"><strong>jetski.club &#8211; Jet Ski Santa Eulalia Tours<\/strong><\/a><\/span><br \/><span style=\"color: #333333;\">Marina Santa Eulalia \u2013 zona 4, Local 5<\/span><br \/><span style=\"color: #333333;\">07840 Santa Eulalia del R\u00edo \u2013 Ibiza \u2013 Balearic Islands<\/span><\/p>\n<p><span style=\"color: #00ccff;\"><a href=\"https:\/\/maps.app.goo.gl\/ZCfLGMeoQ2QBFmJp8\" style=\"color: #00ccff;\"><strong>jetski.club &#8211; Jet Ski ibiza (Motos de Agua)<\/strong><\/a><\/span><br \/><span style=\"color: #333333;\">Centro de Motos de Agua frente al CBBC Marina Santa Eulalia<\/span><\/p>\n<p><span style=\"color: #00ccff;\"><a href=\"https:\/\/maps.app.goo.gl\/gky7vBsYzpCUvZmQ9\" style=\"color: #00ccff;\"><strong>jetski.club &#8211; Motos de Agua<\/strong><\/a><\/span><br \/><span style=\"color: #333333;\">Marina Santa Eulalia \u2013 zona 6, Nave 1<\/span><br \/><span style=\"color: #333333;\">07840 Santa Eulalia del R\u00edo \u2013 Ibiza \u2013 Balearic Islands<\/span><\/p>\n<p>&nbsp;<\/p>\n<h5><strong>E-Mail y tel\u00e9fono<\/strong><\/h5>\n<p><strong>Reservas<\/strong><br \/><a href=\"mailto:bookings@qibiza.com\">bookings@qibiza.com<\/a> \u2013 Tel.: +34 610 115 516<\/p>\n<p><strong>Informaci\u00f3n general y tienda<\/strong><br \/><a href=\"mailto:info@qibiza.com\">info@qibiza.com<\/a> \u2013 Tel.: +34 971 100 855<\/p>\n<p><strong>Contabilidad y administraci\u00f3n<\/strong><br \/><a href=\"mailto:admin@qibiza.com\">admin@qibiza.com<\/a> \u2013 Tel.: +34 971 100 855<\/p>\n<p>[\/et_pb_text][\/et_pb_column][et_pb_column type=&#8221;1_2&#8243; _builder_version=&#8221;4.27.4&#8243; _module_preset=&#8221;default&#8221; global_colors_info=&#8221;{}&#8221;][et_pb_image src=&#8221;https:\/\/yachtwatersports.com\/wp-content\/uploads\/2024\/01\/YW-Ibiza.-Centro-actividades.1.jpg&#8221; title_text=&#8221;YW-Ibiza.-Centro-actividades.1&#8243; _builder_version=&#8221;4.27.4&#8243; _module_preset=&#8221;default&#8221; custom_padding=&#8221;42px|||||&#8221; global_colors_info=&#8221;{}&#8221;][\/et_pb_image][\/et_pb_column][\/et_pb_row][\/et_pb_section]<\/p>\n","protected":false},"excerpt":{"rendered":"<p>P\u00e1gina de contacto de jetski.club para reservas, informaci\u00f3n y colaboraciones. Centro de motos de agua en Ibiza con atenci\u00f3n directa y profesional.<\/p>\n","protected":false},"author":1,"featured_media":16503,"parent":0,"menu_order":0,"comment_status":"closed","ping_status":"closed","template":"","meta":{"_et_pb_use_builder":"on","_et_pb_old_content":"","_et_gb_content_width":"","footnotes":""},"class_list":["post-6150","page","type-page","status-publish","has-post-thumbnail","hentry"],"yoast_head":"<!-- This site is optimized with the Yoast SEO plugin v26.1.1 - https:\/\/yoast.com\/wordpress\/plugins\/seo\/ -->\n<title>Contacto jetski.club | Centro de motos de agua en Ibiza<\/title>\n<meta name=\"description\" content=\"Contacta con jetski.club para reservar jet ski tours en Ibiza, solicitar informaci\u00f3n o colaboraciones. Respuesta r\u00e1pida y atenci\u00f3n profesional.\" \/>\n<meta name=\"robots\" content=\"index, follow, max-snippet:-1, max-image-preview:large, max-video-preview:-1\" \/>\n<link rel=\"canonical\" href=\"https:\/\/yachtwatersports.com\/es\/contactar-con-yacht-watersports-ibiza\/\" \/>\n<meta property=\"og:locale\" content=\"es_ES\" \/>\n<meta property=\"og:type\" content=\"article\" \/>\n<meta property=\"og:title\" content=\"Contacto jetski.club | Centro de motos de agua en Ibiza\" \/>\n<meta property=\"og:description\" content=\"Contacta con jetski.club para reservar jet ski tours en Ibiza, solicitar informaci\u00f3n o colaboraciones. Respuesta r\u00e1pida y atenci\u00f3n profesional.\" \/>\n<meta property=\"og:url\" content=\"https:\/\/yachtwatersports.com\/es\/contactar-con-yacht-watersports-ibiza\/\" \/>\n<meta property=\"og:site_name\" content=\"Jet Ski Ibiza | Tours Guiados Oficiales | jetski.club\" \/>\n<meta property=\"article:modified_time\" content=\"2026-03-18T08:11:57+00:00\" \/>\n<meta property=\"og:image\" content=\"https:\/\/yachtwatersports.com\/wp-content\/uploads\/2024\/01\/YW-Ibiza.-Centro-actividades.1.jpg\" \/>\n\t<meta property=\"og:image:width\" content=\"800\" \/>\n\t<meta property=\"og:image:height\" content=\"800\" \/>\n\t<meta property=\"og:image:type\" content=\"image\/jpeg\" \/>\n<meta name=\"twitter:card\" content=\"summary_large_image\" \/>\n<meta name=\"twitter:label1\" content=\"Tiempo de lectura\" \/>\n\t<meta name=\"twitter:data1\" content=\"4 minutos\" \/>\n<script type=\"application\/ld+json\" class=\"yoast-schema-graph\">{\"@context\":\"https:\/\/schema.org\",\"@graph\":[{\"@type\":\"WebPage\",\"@id\":\"https:\/\/yachtwatersports.com\/es\/contactar-con-yacht-watersports-ibiza\/\",\"url\":\"https:\/\/yachtwatersports.com\/es\/contactar-con-yacht-watersports-ibiza\/\",\"name\":\"Contacto jetski.club | Centro de motos de agua en Ibiza\",\"isPartOf\":{\"@id\":\"https:\/\/yachtwatersports.com\/#website\"},\"primaryImageOfPage\":{\"@id\":\"https:\/\/yachtwatersports.com\/es\/contactar-con-yacht-watersports-ibiza\/#primaryimage\"},\"image\":{\"@id\":\"https:\/\/yachtwatersports.com\/es\/contactar-con-yacht-watersports-ibiza\/#primaryimage\"},\"thumbnailUrl\":\"https:\/\/yachtwatersports.com\/wp-content\/uploads\/2024\/01\/YW-Ibiza.-Centro-actividades.1.jpg\",\"datePublished\":\"2019-07-08T11:54:05+00:00\",\"dateModified\":\"2026-03-18T08:11:57+00:00\",\"description\":\"Contacta con jetski.club para reservar jet ski tours en Ibiza, solicitar informaci\u00f3n o colaboraciones. Respuesta r\u00e1pida y atenci\u00f3n profesional.\",\"breadcrumb\":{\"@id\":\"https:\/\/yachtwatersports.com\/es\/contactar-con-yacht-watersports-ibiza\/#breadcrumb\"},\"inLanguage\":\"es\",\"potentialAction\":[{\"@type\":\"ReadAction\",\"target\":[\"https:\/\/yachtwatersports.com\/es\/contactar-con-yacht-watersports-ibiza\/\"]}]},{\"@type\":\"ImageObject\",\"inLanguage\":\"es\",\"@id\":\"https:\/\/yachtwatersports.com\/es\/contactar-con-yacht-watersports-ibiza\/#primaryimage\",\"url\":\"https:\/\/yachtwatersports.com\/wp-content\/uploads\/2024\/01\/YW-Ibiza.-Centro-actividades.1.jpg\",\"contentUrl\":\"https:\/\/yachtwatersports.com\/wp-content\/uploads\/2024\/01\/YW-Ibiza.-Centro-actividades.1.jpg\",\"width\":800,\"height\":800},{\"@type\":\"BreadcrumbList\",\"@id\":\"https:\/\/yachtwatersports.com\/es\/contactar-con-yacht-watersports-ibiza\/#breadcrumb\",\"itemListElement\":[{\"@type\":\"ListItem\",\"position\":1,\"name\":\"Portada\",\"item\":\"https:\/\/yachtwatersports.com\/es\/\"},{\"@type\":\"ListItem\",\"position\":2,\"name\":\"Contacto jetski.club | Centro de motos de agua en Ibiza\"}]},{\"@type\":\"WebSite\",\"@id\":\"https:\/\/yachtwatersports.com\/#website\",\"url\":\"https:\/\/yachtwatersports.com\/\",\"name\":\"Jet Ski Ibiza | Tours Guiados Oficiales | jetski.club\",\"description\":\"Experiencias profesionales en Moto de Agua desde Marina Santa Eulalia\",\"publisher\":{\"@id\":\"https:\/\/yachtwatersports.com\/#organization\"},\"alternateName\":\"Yacht Watersports Ibiza\",\"potentialAction\":[{\"@type\":\"SearchAction\",\"target\":{\"@type\":\"EntryPoint\",\"urlTemplate\":\"https:\/\/yachtwatersports.com\/?s={search_term_string}\"},\"query-input\":{\"@type\":\"PropertyValueSpecification\",\"valueRequired\":true,\"valueName\":\"search_term_string\"}}],\"inLanguage\":\"es\"},{\"@type\":\"Organization\",\"@id\":\"https:\/\/yachtwatersports.com\/#organization\",\"name\":\"Yacht Watersports\",\"url\":\"https:\/\/yachtwatersports.com\/\",\"logo\":{\"@type\":\"ImageObject\",\"inLanguage\":\"es\",\"@id\":\"https:\/\/yachtwatersports.com\/#\/schema\/logo\/image\/\",\"url\":\"https:\/\/yachtwatersports.com\/wp-content\/uploads\/2019\/05\/g12.png\",\"contentUrl\":\"https:\/\/yachtwatersports.com\/wp-content\/uploads\/2019\/05\/g12.png\",\"width\":600,\"height\":130,\"caption\":\"Yacht Watersports\"},\"image\":{\"@id\":\"https:\/\/yachtwatersports.com\/#\/schema\/logo\/image\/\"}}]}<\/script>\n<!-- \/ Yoast SEO plugin. -->","yoast_head_json":{"title":"Contacto jetski.club | Centro de motos de agua en Ibiza","description":"Contacta con jetski.club para reservar jet ski tours en Ibiza, solicitar informaci\u00f3n o colaboraciones. Respuesta r\u00e1pida y atenci\u00f3n profesional.","robots":{"index":"index","follow":"follow","max-snippet":"max-snippet:-1","max-image-preview":"max-image-preview:large","max-video-preview":"max-video-preview:-1"},"canonical":"https:\/\/yachtwatersports.com\/es\/contactar-con-yacht-watersports-ibiza\/","og_locale":"es_ES","og_type":"article","og_title":"Contacto jetski.club | Centro de motos de agua en Ibiza","og_description":"Contacta con jetski.club para reservar jet ski tours en Ibiza, solicitar informaci\u00f3n o colaboraciones. Respuesta r\u00e1pida y atenci\u00f3n profesional.","og_url":"https:\/\/yachtwatersports.com\/es\/contactar-con-yacht-watersports-ibiza\/","og_site_name":"Jet Ski Ibiza | Tours Guiados Oficiales | jetski.club","article_modified_time":"2026-03-18T08:11:57+00:00","og_image":[{"width":800,"height":800,"url":"https:\/\/yachtwatersports.com\/wp-content\/uploads\/2024\/01\/YW-Ibiza.-Centro-actividades.1.jpg","type":"image\/jpeg"}],"twitter_card":"summary_large_image","twitter_misc":{"Tiempo de lectura":"4 minutos"},"schema":{"@context":"https:\/\/schema.org","@graph":[{"@type":"WebPage","@id":"https:\/\/yachtwatersports.com\/es\/contactar-con-yacht-watersports-ibiza\/","url":"https:\/\/yachtwatersports.com\/es\/contactar-con-yacht-watersports-ibiza\/","name":"Contacto jetski.club | Centro de motos de agua en Ibiza","isPartOf":{"@id":"https:\/\/yachtwatersports.com\/#website"},"primaryImageOfPage":{"@id":"https:\/\/yachtwatersports.com\/es\/contactar-con-yacht-watersports-ibiza\/#primaryimage"},"image":{"@id":"https:\/\/yachtwatersports.com\/es\/contactar-con-yacht-watersports-ibiza\/#primaryimage"},"thumbnailUrl":"https:\/\/yachtwatersports.com\/wp-content\/uploads\/2024\/01\/YW-Ibiza.-Centro-actividades.1.jpg","datePublished":"2019-07-08T11:54:05+00:00","dateModified":"2026-03-18T08:11:57+00:00","description":"Contacta con jetski.club para reservar jet ski tours en Ibiza, solicitar informaci\u00f3n o colaboraciones. Respuesta r\u00e1pida y atenci\u00f3n profesional.","breadcrumb":{"@id":"https:\/\/yachtwatersports.com\/es\/contactar-con-yacht-watersports-ibiza\/#breadcrumb"},"inLanguage":"es","potentialAction":[{"@type":"ReadAction","target":["https:\/\/yachtwatersports.com\/es\/contactar-con-yacht-watersports-ibiza\/"]}]},{"@type":"ImageObject","inLanguage":"es","@id":"https:\/\/yachtwatersports.com\/es\/contactar-con-yacht-watersports-ibiza\/#primaryimage","url":"https:\/\/yachtwatersports.com\/wp-content\/uploads\/2024\/01\/YW-Ibiza.-Centro-actividades.1.jpg","contentUrl":"https:\/\/yachtwatersports.com\/wp-content\/uploads\/2024\/01\/YW-Ibiza.-Centro-actividades.1.jpg","width":800,"height":800},{"@type":"BreadcrumbList","@id":"https:\/\/yachtwatersports.com\/es\/contactar-con-yacht-watersports-ibiza\/#breadcrumb","itemListElement":[{"@type":"ListItem","position":1,"name":"Portada","item":"https:\/\/yachtwatersports.com\/es\/"},{"@type":"ListItem","position":2,"name":"Contacto jetski.club | Centro de motos de agua en Ibiza"}]},{"@type":"WebSite","@id":"https:\/\/yachtwatersports.com\/#website","url":"https:\/\/yachtwatersports.com\/","name":"Jet Ski Ibiza | Tours Guiados Oficiales | jetski.club","description":"Experiencias profesionales en Moto de Agua desde Marina Santa Eulalia","publisher":{"@id":"https:\/\/yachtwatersports.com\/#organization"},"alternateName":"Yacht Watersports Ibiza","potentialAction":[{"@type":"SearchAction","target":{"@type":"EntryPoint","urlTemplate":"https:\/\/yachtwatersports.com\/?s={search_term_string}"},"query-input":{"@type":"PropertyValueSpecification","valueRequired":true,"valueName":"search_term_string"}}],"inLanguage":"es"},{"@type":"Organization","@id":"https:\/\/yachtwatersports.com\/#organization","name":"Yacht Watersports","url":"https:\/\/yachtwatersports.com\/","logo":{"@type":"ImageObject","inLanguage":"es","@id":"https:\/\/yachtwatersports.com\/#\/schema\/logo\/image\/","url":"https:\/\/yachtwatersports.com\/wp-content\/uploads\/2019\/05\/g12.png","contentUrl":"https:\/\/yachtwatersports.com\/wp-content\/uploads\/2019\/05\/g12.png","width":600,"height":130,"caption":"Yacht Watersports"},"image":{"@id":"https:\/\/yachtwatersports.com\/#\/schema\/logo\/image\/"}}]}},"_links":{"self":[{"href":"https:\/\/yachtwatersports.com\/es\/wp-json\/wp\/v2\/pages\/6150","targetHints":{"allow":["GET"]}}],"collection":[{"href":"https:\/\/yachtwatersports.com\/es\/wp-json\/wp\/v2\/pages"}],"about":[{"href":"https:\/\/yachtwatersports.com\/es\/wp-json\/wp\/v2\/types\/page"}],"author":[{"embeddable":true,"href":"https:\/\/yachtwatersports.com\/es\/wp-json\/wp\/v2\/users\/1"}],"replies":[{"embeddable":true,"href":"https:\/\/yachtwatersports.com\/es\/wp-json\/wp\/v2\/comments?post=6150"}],"version-history":[{"count":43,"href":"https:\/\/yachtwatersports.com\/es\/wp-json\/wp\/v2\/pages\/6150\/revisions"}],"predecessor-version":[{"id":19292,"href":"https:\/\/yachtwatersports.com\/es\/wp-json\/wp\/v2\/pages\/6150\/revisions\/19292"}],"wp:featuredmedia":[{"embeddable":true,"href":"https:\/\/yachtwatersports.com\/es\/wp-json\/wp\/v2\/media\/16503"}],"wp:attachment":[{"href":"https:\/\/yachtwatersports.com\/es\/wp-json\/wp\/v2\/media?parent=6150"}],"curies":[{"name":"wp","href":"https:\/\/api.w.org\/{rel}","templated":true}]}}