{"id":19764,"date":"2019-07-24T12:46:31","date_gmt":"2019-07-24T12:46:31","guid":{"rendered":"https:\/\/yachtwatersports.com\/yacht-watersports-store\/"},"modified":"2026-04-20T12:31:24","modified_gmt":"2026-04-20T11:31:24","slug":"centro-motos-agua-ibiza","status":"publish","type":"page","link":"https:\/\/yachtwatersports.com\/es\/centro-motos-agua-ibiza\/","title":{"rendered":"Centro de Motos de Agua en Ibiza \u2013 Oficina y Base en Marina Santa Eulalia"},"content":{"rendered":"<p>[et_pb_section fb_built=&#8221;1&#8243; _builder_version=&#8221;4.16&#8243; custom_margin=&#8221;||0px&#8221; custom_padding=&#8221;||0px|||&#8221; global_colors_info=&#8221;{}&#8221;][et_pb_row column_structure=&#8221;1_2,1_2&#8243; _builder_version=&#8221;4.27.4&#8243; width=&#8221;87%&#8221; max_width=&#8221;1280px&#8221; custom_padding=&#8221;40px|||||&#8221; global_colors_info=&#8221;{}&#8221;][et_pb_column type=&#8221;1_2&#8243; _builder_version=&#8221;4.27.4&#8243; custom_padding=&#8221;|||&#8221; global_colors_info=&#8221;{}&#8221; custom_padding__hover=&#8221;|||&#8221;][et_pb_text _builder_version=&#8221;4.27.4&#8243; header_font=&#8221;|300|||||||&#8221; header_font_size=&#8221;52px&#8221; header_line_height=&#8221;1.6em&#8221; header_2_font=&#8221;||||||||&#8221; header_3_font=&#8221;||||||||&#8221; header_4_font=&#8221;||||||||&#8221; custom_margin=&#8221;|66px|63px|68px||&#8221; custom_margin_tablet=&#8221;|66px|63px|68px||&#8221; custom_margin_phone=&#8221;|0px|63px|0px|false|false&#8221; custom_margin_last_edited=&#8221;on|phone&#8221; custom_padding=&#8221;|||2px||&#8221; custom_padding_tablet=&#8221;|||2px||&#8221; custom_padding_phone=&#8221;|||0px|false|false&#8221; custom_padding_last_edited=&#8221;on|phone&#8221; text_orientation_tablet=&#8221;&#8221; text_orientation_phone=&#8221;center&#8221; text_orientation_last_edited=&#8221;on|phone&#8221; global_colors_info=&#8221;{}&#8221;]<\/p>\n<p><img loading=\"lazy\" decoding=\"async\" src=\"https:\/\/yachtwatersports.com\/wp-content\/uploads\/2025\/04\/logo-jetski.club_-480x99.png\" width=\"276\" height=\"57\" alt=\"\" class=\"wp-image-17078 alignnone size-medium\" style=\"float: left;\" srcset=\"https:\/\/yachtwatersports.com\/wp-content\/uploads\/2025\/04\/logo-jetski.club_-480x99.png 480w, https:\/\/yachtwatersports.com\/wp-content\/uploads\/2025\/04\/logo-jetski.club_-768x158.png 768w, https:\/\/yachtwatersports.com\/wp-content\/uploads\/2025\/04\/logo-jetski.club_-1200x247.png 1200w, https:\/\/yachtwatersports.com\/wp-content\/uploads\/2025\/04\/logo-jetski.club_-780x160.png 780w, https:\/\/yachtwatersports.com\/wp-content\/uploads\/2025\/04\/logo-jetski.club_-1080x222.png 1080w, https:\/\/yachtwatersports.com\/wp-content\/uploads\/2025\/04\/logo-jetski.club_-600x123.png 600w, https:\/\/yachtwatersports.com\/wp-content\/uploads\/2025\/04\/logo-jetski.club_.png 1920w\" sizes=\"(max-width: 276px) 100vw, 276px\" \/><\/p>\n<p>[\/et_pb_text][et_pb_text _builder_version=&#8221;4.27.4&#8243; header_font=&#8221;|300|||||||&#8221; header_font_size=&#8221;52px&#8221; header_line_height=&#8221;1.6em&#8221; header_2_font=&#8221;||||||||&#8221; header_3_font=&#8221;||||||||&#8221; header_4_font=&#8221;||||||||&#8221; width=&#8221;87.3%&#8221; width_tablet=&#8221;87.3%&#8221; width_phone=&#8221;100%&#8221; width_last_edited=&#8221;on|phone&#8221; custom_margin=&#8221;|66px||68px||&#8221; custom_margin_tablet=&#8221;|66px||68px||&#8221; custom_margin_phone=&#8221;|0px||0px|false|false&#8221; custom_margin_last_edited=&#8221;on|phone&#8221; custom_padding=&#8221;|2px||2px||&#8221; hover_enabled=&#8221;0&#8243; global_colors_info=&#8221;{}&#8221; sticky_enabled=&#8221;0&#8243;]<\/p>\n<p class=\"p1\">La <span class=\"s1\"><b>tienda y oficina de jetski.club<\/b><\/span> est\u00e1n ubicadas en una posici\u00f3n privilegiada dentro de <span class=\"s1\"><b>Marina Santa Eulalia<\/b><\/span>, uno de los puertos deportivos m\u00e1s consolidados y mejor conectados de la costa este de Ibiza. Esta ubicaci\u00f3n funciona como nuestra <span class=\"s1\"><b>base operativa<\/b><\/span>, punto de recepci\u00f3n de clientes y centro de coordinaci\u00f3n de todas las <a href=\"https:\/\/yachtwatersports.com\/es\/excursiones-moto-agua-ibiza\/\"><span class=\"s1\"><b>excursiones en moto de agua<\/b><\/span><\/a> y servicios asociados.<\/p>\n<p class=\"p1\">Desde aqu\u00ed, el equipo de jetski.club gestiona la operativa diaria de las excursiones, reservas, log\u00edstica y coordinaci\u00f3n con partners. La tienda y oficina act\u00faan tambi\u00e9n como <span class=\"s1\"><b>punto de referencia f\u00edsico dentro de la marina<\/b><\/span> para clientes, colaboradores y socios comerciales.<\/p>\n<p class=\"p1\">Para la temporada 2026, jetski.club colabora con <span class=\"s1\"><b>Oceanica<\/b><\/span>, una marca de lifestyle reconocida por ofrecer prendas de alta calidad a precios accesibles. Como parte de esta colaboraci\u00f3n, el equipo de jetski.club vestir\u00e1 ropa de Oceanica durante toda la temporada, tanto en las instalaciones como durante las operaciones, reflejando un enfoque compartido en <span class=\"s1\"><b>funcionalidad, durabilidad y dise\u00f1o limpio<\/b><\/span>.<\/p>\n<p class=\"p1\">jetski.club es adem\u00e1s <span class=\"s1\"><b>embajador oficial y partner de Oceanica<\/b><\/span>. M\u00e1s all\u00e1 de la colaboraci\u00f3n estacional, apoyamos la expansi\u00f3n de la marca en nuevos mercados. Personas o empresas interesadas en convertirse en distribuidores, abrir tiendas Oceanica o desarrollar la marca en nuevas ciudades o pa\u00edses pueden contactarnos directamente para explorar posibles oportunidades.<\/p>\n<p class=\"p1\">Nuestra ubicaci\u00f3n dentro de <span class=\"s1\"><b>Marina Santa Eulalia<\/b><\/span> permite un acceso c\u00f3modo tanto por tierra como por mar, situando a jetski.club en un entorno din\u00e1mico rodeado de restaurantes, servicios e infraestructuras del puerto, reforzando su papel como una <span class=\"s1\"><b>base operativa profesional y accesible en Ibiza<\/b><\/span>.<\/p>\n<p>[\/et_pb_text][\/et_pb_column][et_pb_column type=&#8221;1_2&#8243; _builder_version=&#8221;4.27.4&#8243; custom_padding=&#8221;|||&#8221; global_colors_info=&#8221;{}&#8221; custom_padding__hover=&#8221;|||&#8221;][et_pb_blurb url=&#8221;https:\/\/yachtwatersports.com\/shop\/schiller-bike\/&#8221; _builder_version=&#8221;4.27.4&#8243; header_font=&#8221;||||||||&#8221; header_text_align=&#8221;center&#8221; custom_margin=&#8221;||0px|||&#8221; custom_padding=&#8221;||12px|||&#8221; global_colors_info=&#8221;{}&#8221;]<\/p>\n<p style=\"text-align: center;\"><img loading=\"lazy\" decoding=\"async\" src=\"https:\/\/yachtwatersports.com\/wp-content\/uploads\/2026\/02\/jetski_club_store_400k-360x480.jpeg\" width=\"360\" height=\"480\" alt=\"\" class=\"wp-image-17749 alignnone size-medium\" \/><\/p>\n<p>[\/et_pb_blurb][et_pb_text _builder_version=&#8221;4.27.4&#8243; text_font=&#8221;||||||||&#8221; header_font=&#8221;|300|||||||&#8221; header_text_align=&#8221;center&#8221; header_font_size=&#8221;34px&#8221; header_letter_spacing=&#8221;8px&#8221; header_2_font=&#8221;|300|||||||&#8221; header_2_text_align=&#8221;center&#8221; header_2_font_size=&#8221;50px&#8221; header_2_letter_spacing=&#8221;7px&#8221; hover_enabled=&#8221;0&#8243; global_colors_info=&#8221;{}&#8221; sticky_enabled=&#8221;0&#8243;]<\/p>\n<h5 style=\"text-align: center;\">JETSKI.CLUB TIENDA &amp; OFICINA &#8211; IBIZA<\/h5>\n<h2><\/h2>\n<p>[\/et_pb_text][\/et_pb_column][\/et_pb_row][et_pb_row column_structure=&#8221;1_3,1_3,1_3&#8243; use_custom_gutter=&#8221;on&#8221; gutter_width=&#8221;1&#8243; _builder_version=&#8221;4.16&#8243; width=&#8221;100%&#8221; max_width=&#8221;100%&#8221; custom_margin=&#8221;||0px&#8221; custom_padding=&#8221;||0px&#8221; global_colors_info=&#8221;{}&#8221;][et_pb_column type=&#8221;1_3&#8243; _builder_version=&#8221;4.16&#8243; custom_padding=&#8221;|||&#8221; global_colors_info=&#8221;{}&#8221; custom_padding__hover=&#8221;|||&#8221;][et_pb_image src=&#8221;https:\/\/yachtwatersports.com\/wp-content\/uploads\/2021\/12\/tienda.jpg&#8221; align_tablet=&#8221;center&#8221; align_phone=&#8221;center&#8221; align_last_edited=&#8221;on|desktop&#8221; _builder_version=&#8221;4.16&#8243; global_colors_info=&#8221;{}&#8221;][\/et_pb_image][\/et_pb_column][et_pb_column type=&#8221;1_3&#8243; _builder_version=&#8221;4.16&#8243; custom_padding=&#8221;|||&#8221; global_colors_info=&#8221;{}&#8221; custom_padding__hover=&#8221;|||&#8221;][et_pb_image src=&#8221;https:\/\/yachtwatersports.com\/wp-content\/uploads\/2021\/12\/marina.jpg&#8221; align_tablet=&#8221;center&#8221; align_phone=&#8221;center&#8221; align_last_edited=&#8221;on|desktop&#8221; _builder_version=&#8221;4.16&#8243; global_colors_info=&#8221;{}&#8221;][\/et_pb_image][\/et_pb_column][et_pb_column type=&#8221;1_3&#8243; _builder_version=&#8221;4.16&#8243; custom_padding=&#8221;|||&#8221; global_colors_info=&#8221;{}&#8221; custom_padding__hover=&#8221;|||&#8221;][et_pb_image src=&#8221;https:\/\/yachtwatersports.com\/wp-content\/uploads\/2021\/12\/tienda2.jpg&#8221; align_tablet=&#8221;center&#8221; align_phone=&#8221;center&#8221; align_last_edited=&#8221;on|desktop&#8221; _builder_version=&#8221;4.16&#8243; global_colors_info=&#8221;{}&#8221;][\/et_pb_image][\/et_pb_column][\/et_pb_row][\/et_pb_section]<\/p>\n","protected":false},"excerpt":{"rendered":"<p>Centro de motos de agua en Ibiza ubicado en Marina Santa Eulalia. Oficina, tienda y base operativa para excursiones y gesti\u00f3n diaria.<\/p>\n","protected":false},"author":1,"featured_media":19418,"parent":0,"menu_order":0,"comment_status":"closed","ping_status":"closed","template":"","meta":{"_et_pb_use_builder":"on","_et_pb_old_content":"","_et_gb_content_width":"","footnotes":""},"class_list":["post-19764","page","type-page","status-publish","has-post-thumbnail","hentry"],"yoast_head":"<!-- This site is optimized with the Yoast SEO plugin v27.4 - https:\/\/yoast.com\/product\/yoast-seo-wordpress\/ -->\n<title>Centro de Motos de Agua Ibiza \u2013 Marina Santa Eulalia<\/title>\n<meta name=\"description\" content=\"Descubre nuestro centro de motos de agua en Ibiza, ubicado en Marina Santa Eulalia. Oficina, tienda y base operativa para excursiones y servicios profesionales.\" \/>\n<meta name=\"robots\" content=\"index, follow, max-snippet:-1, max-image-preview:large, max-video-preview:-1\" \/>\n<link rel=\"canonical\" href=\"https:\/\/yachtwatersports.com\/es\/centro-motos-agua-ibiza\/\" \/>\n<meta property=\"og:locale\" content=\"es_ES\" \/>\n<meta property=\"og:type\" content=\"article\" \/>\n<meta property=\"og:title\" content=\"Centro de Motos de Agua Ibiza \u2013 Marina Santa Eulalia\" \/>\n<meta property=\"og:description\" content=\"Descubre nuestro centro de motos de agua en Ibiza, ubicado en Marina Santa Eulalia. Oficina, tienda y base operativa para excursiones y servicios profesionales.\" \/>\n<meta property=\"og:url\" content=\"https:\/\/yachtwatersports.com\/es\/centro-motos-agua-ibiza\/\" \/>\n<meta property=\"og:site_name\" content=\"Jet Ski Ibiza | Tours Guiados Oficiales | jetski.club\" \/>\n<meta property=\"article:modified_time\" content=\"2026-04-20T11:31:24+00:00\" \/>\n<meta property=\"og:image\" content=\"https:\/\/yachtwatersports.com\/wp-content\/uploads\/2026\/04\/IMG_9189-6.webp\" \/>\n\t<meta property=\"og:image:width\" content=\"660\" \/>\n\t<meta property=\"og:image:height\" content=\"492\" \/>\n\t<meta property=\"og:image:type\" content=\"image\/webp\" \/>\n<meta name=\"twitter:card\" content=\"summary_large_image\" \/>\n<meta name=\"twitter:label1\" content=\"Tiempo de lectura\" \/>\n\t<meta name=\"twitter:data1\" content=\"3 minutos\" \/>\n<script type=\"application\/ld+json\" class=\"yoast-schema-graph\">{\"@context\":\"https:\\\/\\\/schema.org\",\"@graph\":[{\"@type\":\"WebPage\",\"@id\":\"https:\\\/\\\/yachtwatersports.com\\\/es\\\/centro-motos-agua-ibiza\\\/\",\"url\":\"https:\\\/\\\/yachtwatersports.com\\\/es\\\/centro-motos-agua-ibiza\\\/\",\"name\":\"Centro de Motos de Agua Ibiza \u2013 Marina Santa Eulalia\",\"isPartOf\":{\"@id\":\"https:\\\/\\\/yachtwatersports.com\\\/#website\"},\"primaryImageOfPage\":{\"@id\":\"https:\\\/\\\/yachtwatersports.com\\\/es\\\/centro-motos-agua-ibiza\\\/#primaryimage\"},\"image\":{\"@id\":\"https:\\\/\\\/yachtwatersports.com\\\/es\\\/centro-motos-agua-ibiza\\\/#primaryimage\"},\"thumbnailUrl\":\"https:\\\/\\\/yachtwatersports.com\\\/wp-content\\\/uploads\\\/2026\\\/04\\\/IMG_9189-6.webp\",\"datePublished\":\"2019-07-24T12:46:31+00:00\",\"dateModified\":\"2026-04-20T11:31:24+00:00\",\"description\":\"Descubre nuestro centro de motos de agua en Ibiza, ubicado en Marina Santa Eulalia. Oficina, tienda y base operativa para excursiones y servicios profesionales.\",\"breadcrumb\":{\"@id\":\"https:\\\/\\\/yachtwatersports.com\\\/es\\\/centro-motos-agua-ibiza\\\/#breadcrumb\"},\"inLanguage\":\"es\",\"potentialAction\":[{\"@type\":\"ReadAction\",\"target\":[\"https:\\\/\\\/yachtwatersports.com\\\/es\\\/centro-motos-agua-ibiza\\\/\"]}]},{\"@type\":\"ImageObject\",\"inLanguage\":\"es\",\"@id\":\"https:\\\/\\\/yachtwatersports.com\\\/es\\\/centro-motos-agua-ibiza\\\/#primaryimage\",\"url\":\"https:\\\/\\\/yachtwatersports.com\\\/wp-content\\\/uploads\\\/2026\\\/04\\\/IMG_9189-6.webp\",\"contentUrl\":\"https:\\\/\\\/yachtwatersports.com\\\/wp-content\\\/uploads\\\/2026\\\/04\\\/IMG_9189-6.webp\",\"width\":660,\"height\":492,\"caption\":\"Premium jet ski Ibiza platform at Marina Santa Eulalia with Sea-Doo jet skis, shaded area and CBbC Marina restaurant\"},{\"@type\":\"BreadcrumbList\",\"@id\":\"https:\\\/\\\/yachtwatersports.com\\\/es\\\/centro-motos-agua-ibiza\\\/#breadcrumb\",\"itemListElement\":[{\"@type\":\"ListItem\",\"position\":1,\"name\":\"Portada\",\"item\":\"https:\\\/\\\/yachtwatersports.com\\\/\"},{\"@type\":\"ListItem\",\"position\":2,\"name\":\"Centro de Motos de Agua en Ibiza \u2013 Oficina y Base en Marina Santa Eulalia\"}]},{\"@type\":\"WebSite\",\"@id\":\"https:\\\/\\\/yachtwatersports.com\\\/#website\",\"url\":\"https:\\\/\\\/yachtwatersports.com\\\/\",\"name\":\"Jet Ski Ibiza | Tours Guiados Oficiales | jetski.club\",\"description\":\"Experiencias profesionales en Moto de Agua desde Marina Santa Eulalia\",\"publisher\":{\"@id\":\"https:\\\/\\\/yachtwatersports.com\\\/#organization\"},\"alternateName\":\"Yacht Watersports Ibiza\",\"potentialAction\":[{\"@type\":\"SearchAction\",\"target\":{\"@type\":\"EntryPoint\",\"urlTemplate\":\"https:\\\/\\\/yachtwatersports.com\\\/?s={search_term_string}\"},\"query-input\":{\"@type\":\"PropertyValueSpecification\",\"valueRequired\":true,\"valueName\":\"search_term_string\"}}],\"inLanguage\":\"es\"},{\"@type\":\"Organization\",\"@id\":\"https:\\\/\\\/yachtwatersports.com\\\/#organization\",\"name\":\"Yacht Watersports\",\"url\":\"https:\\\/\\\/yachtwatersports.com\\\/\",\"logo\":{\"@type\":\"ImageObject\",\"inLanguage\":\"es\",\"@id\":\"https:\\\/\\\/yachtwatersports.com\\\/#\\\/schema\\\/logo\\\/image\\\/\",\"url\":\"https:\\\/\\\/yachtwatersports.com\\\/wp-content\\\/uploads\\\/2019\\\/05\\\/g12.png\",\"contentUrl\":\"https:\\\/\\\/yachtwatersports.com\\\/wp-content\\\/uploads\\\/2019\\\/05\\\/g12.png\",\"width\":600,\"height\":130,\"caption\":\"Yacht Watersports\"},\"image\":{\"@id\":\"https:\\\/\\\/yachtwatersports.com\\\/#\\\/schema\\\/logo\\\/image\\\/\"}}]}<\/script>\n<!-- \/ Yoast SEO plugin. -->","yoast_head_json":{"title":"Centro de Motos de Agua Ibiza \u2013 Marina Santa Eulalia","description":"Descubre nuestro centro de motos de agua en Ibiza, ubicado en Marina Santa Eulalia. Oficina, tienda y base operativa para excursiones y servicios profesionales.","robots":{"index":"index","follow":"follow","max-snippet":"max-snippet:-1","max-image-preview":"max-image-preview:large","max-video-preview":"max-video-preview:-1"},"canonical":"https:\/\/yachtwatersports.com\/es\/centro-motos-agua-ibiza\/","og_locale":"es_ES","og_type":"article","og_title":"Centro de Motos de Agua Ibiza \u2013 Marina Santa Eulalia","og_description":"Descubre nuestro centro de motos de agua en Ibiza, ubicado en Marina Santa Eulalia. Oficina, tienda y base operativa para excursiones y servicios profesionales.","og_url":"https:\/\/yachtwatersports.com\/es\/centro-motos-agua-ibiza\/","og_site_name":"Jet Ski Ibiza | Tours Guiados Oficiales | jetski.club","article_modified_time":"2026-04-20T11:31:24+00:00","og_image":[{"width":660,"height":492,"url":"https:\/\/yachtwatersports.com\/wp-content\/uploads\/2026\/04\/IMG_9189-6.webp","type":"image\/webp"}],"twitter_card":"summary_large_image","twitter_misc":{"Tiempo de lectura":"3 minutos"},"schema":{"@context":"https:\/\/schema.org","@graph":[{"@type":"WebPage","@id":"https:\/\/yachtwatersports.com\/es\/centro-motos-agua-ibiza\/","url":"https:\/\/yachtwatersports.com\/es\/centro-motos-agua-ibiza\/","name":"Centro de Motos de Agua Ibiza \u2013 Marina Santa Eulalia","isPartOf":{"@id":"https:\/\/yachtwatersports.com\/#website"},"primaryImageOfPage":{"@id":"https:\/\/yachtwatersports.com\/es\/centro-motos-agua-ibiza\/#primaryimage"},"image":{"@id":"https:\/\/yachtwatersports.com\/es\/centro-motos-agua-ibiza\/#primaryimage"},"thumbnailUrl":"https:\/\/yachtwatersports.com\/wp-content\/uploads\/2026\/04\/IMG_9189-6.webp","datePublished":"2019-07-24T12:46:31+00:00","dateModified":"2026-04-20T11:31:24+00:00","description":"Descubre nuestro centro de motos de agua en Ibiza, ubicado en Marina Santa Eulalia. Oficina, tienda y base operativa para excursiones y servicios profesionales.","breadcrumb":{"@id":"https:\/\/yachtwatersports.com\/es\/centro-motos-agua-ibiza\/#breadcrumb"},"inLanguage":"es","potentialAction":[{"@type":"ReadAction","target":["https:\/\/yachtwatersports.com\/es\/centro-motos-agua-ibiza\/"]}]},{"@type":"ImageObject","inLanguage":"es","@id":"https:\/\/yachtwatersports.com\/es\/centro-motos-agua-ibiza\/#primaryimage","url":"https:\/\/yachtwatersports.com\/wp-content\/uploads\/2026\/04\/IMG_9189-6.webp","contentUrl":"https:\/\/yachtwatersports.com\/wp-content\/uploads\/2026\/04\/IMG_9189-6.webp","width":660,"height":492,"caption":"Premium jet ski Ibiza platform at Marina Santa Eulalia with Sea-Doo jet skis, shaded area and CBbC Marina restaurant"},{"@type":"BreadcrumbList","@id":"https:\/\/yachtwatersports.com\/es\/centro-motos-agua-ibiza\/#breadcrumb","itemListElement":[{"@type":"ListItem","position":1,"name":"Portada","item":"https:\/\/yachtwatersports.com\/"},{"@type":"ListItem","position":2,"name":"Centro de Motos de Agua en Ibiza \u2013 Oficina y Base en Marina Santa Eulalia"}]},{"@type":"WebSite","@id":"https:\/\/yachtwatersports.com\/#website","url":"https:\/\/yachtwatersports.com\/","name":"Jet Ski Ibiza | Tours Guiados Oficiales | jetski.club","description":"Experiencias profesionales en Moto de Agua desde Marina Santa Eulalia","publisher":{"@id":"https:\/\/yachtwatersports.com\/#organization"},"alternateName":"Yacht Watersports Ibiza","potentialAction":[{"@type":"SearchAction","target":{"@type":"EntryPoint","urlTemplate":"https:\/\/yachtwatersports.com\/?s={search_term_string}"},"query-input":{"@type":"PropertyValueSpecification","valueRequired":true,"valueName":"search_term_string"}}],"inLanguage":"es"},{"@type":"Organization","@id":"https:\/\/yachtwatersports.com\/#organization","name":"Yacht Watersports","url":"https:\/\/yachtwatersports.com\/","logo":{"@type":"ImageObject","inLanguage":"es","@id":"https:\/\/yachtwatersports.com\/#\/schema\/logo\/image\/","url":"https:\/\/yachtwatersports.com\/wp-content\/uploads\/2019\/05\/g12.png","contentUrl":"https:\/\/yachtwatersports.com\/wp-content\/uploads\/2019\/05\/g12.png","width":600,"height":130,"caption":"Yacht Watersports"},"image":{"@id":"https:\/\/yachtwatersports.com\/#\/schema\/logo\/image\/"}}]}},"_links":{"self":[{"href":"https:\/\/yachtwatersports.com\/es\/wp-json\/wp\/v2\/pages\/19764","targetHints":{"allow":["GET"]}}],"collection":[{"href":"https:\/\/yachtwatersports.com\/es\/wp-json\/wp\/v2\/pages"}],"about":[{"href":"https:\/\/yachtwatersports.com\/es\/wp-json\/wp\/v2\/types\/page"}],"author":[{"embeddable":true,"href":"https:\/\/yachtwatersports.com\/es\/wp-json\/wp\/v2\/users\/1"}],"replies":[{"embeddable":true,"href":"https:\/\/yachtwatersports.com\/es\/wp-json\/wp\/v2\/comments?post=19764"}],"version-history":[{"count":6,"href":"https:\/\/yachtwatersports.com\/es\/wp-json\/wp\/v2\/pages\/19764\/revisions"}],"predecessor-version":[{"id":19772,"href":"https:\/\/yachtwatersports.com\/es\/wp-json\/wp\/v2\/pages\/19764\/revisions\/19772"}],"wp:featuredmedia":[{"embeddable":true,"href":"https:\/\/yachtwatersports.com\/es\/wp-json\/wp\/v2\/media\/19418"}],"wp:attachment":[{"href":"https:\/\/yachtwatersports.com\/es\/wp-json\/wp\/v2\/media?parent=19764"}],"curies":[{"name":"wp","href":"https:\/\/api.w.org\/{rel}","templated":true}]}}