{"id":14554,"date":"2021-12-02T11:28:12","date_gmt":"2021-12-02T11:28:12","guid":{"rendered":"https:\/\/yachtwatersports.com\/servicios\/"},"modified":"2026-03-02T19:11:53","modified_gmt":"2026-03-02T18:11:53","slug":"centro-tecnico-oficina-reservas-jetski-club","status":"publish","type":"page","link":"https:\/\/yachtwatersports.com\/es\/centro-tecnico-oficina-reservas-jetski-club\/","title":{"rendered":"Centro t\u00e9cnico y oficina de reservas de jetski.club en Marina Santa Eulalia"},"content":{"rendered":"<p>[et_pb_section fb_built=&#8221;1&#8243; _builder_version=&#8221;4.16&#8243; min_height=&#8221;722px&#8221; custom_margin=&#8221;|||||&#8221; custom_padding=&#8221;107px||0px|||&#8221; global_colors_info=&#8221;{}&#8221;][et_pb_row column_structure=&#8221;1_2,1_2&#8243; _builder_version=&#8221;4.16&#8243; width=&#8221;87%&#8221; max_width=&#8221;1280px&#8221; custom_padding=&#8221;0px|||||&#8221; global_colors_info=&#8221;{}&#8221;][et_pb_column type=&#8221;1_2&#8243; _builder_version=&#8221;4.16&#8243; custom_padding=&#8221;|||&#8221; global_colors_info=&#8221;{}&#8221; custom_padding__hover=&#8221;|||&#8221;][et_pb_text _builder_version=&#8221;4.27.4&#8243; header_font=&#8221;|300|||||||&#8221; header_font_size=&#8221;52px&#8221; header_line_height=&#8221;1.6em&#8221; header_2_font=&#8221;||||||||&#8221; header_3_font=&#8221;||||||||&#8221; header_4_font=&#8221;||||||||&#8221; custom_margin=&#8221;|66px||68px||&#8221; custom_padding=&#8221;|||0px|false|false&#8221; hover_enabled=&#8221;0&#8243; global_colors_info=&#8221;{}&#8221; custom_margin_last_edited=&#8221;on|phone&#8221; custom_margin_phone=&#8221;|0px||0px|false|false&#8221; sticky_enabled=&#8221;0&#8243; custom_margin_tablet=&#8221;|66px||68px||&#8221;]<\/p>\n<h3><img loading=\"lazy\" decoding=\"async\" src=\"https:\/\/yachtwatersports.com\/wp-content\/uploads\/2025\/04\/logo-jetski.club_-480x99.png\" width=\"305\" height=\"63\" alt=\"\" class=\"wp-image-17082 alignnone size-medium\" srcset=\"https:\/\/yachtwatersports.com\/wp-content\/uploads\/2025\/04\/logo-jetski.club_-480x99.png 480w, https:\/\/yachtwatersports.com\/wp-content\/uploads\/2025\/04\/logo-jetski.club_-768x158.png 768w, https:\/\/yachtwatersports.com\/wp-content\/uploads\/2025\/04\/logo-jetski.club_-1200x247.png 1200w, https:\/\/yachtwatersports.com\/wp-content\/uploads\/2025\/04\/logo-jetski.club_-780x160.png 780w, https:\/\/yachtwatersports.com\/wp-content\/uploads\/2025\/04\/logo-jetski.club_-1080x222.png 1080w, https:\/\/yachtwatersports.com\/wp-content\/uploads\/2025\/04\/logo-jetski.club_-600x123.png 600w, https:\/\/yachtwatersports.com\/wp-content\/uploads\/2025\/04\/logo-jetski.club_.png 1920w\" sizes=\"(max-width: 305px) 100vw, 305px\" \/><\/h3>\n<h3><strong>Oficina de reservas y centro t\u00e9cnico<\/strong><\/h3>\n<p>Esta ubicaci\u00f3n alberga la <strong>oficina de reservas<\/strong> y el <a href=\"https:\/\/maps.app.goo.gl\/qeSXZbDSe5V9oyjH8\"><strong>centro t\u00e9cnico de jetski.club<\/strong><\/a>, donde se lleva a cabo toda la <strong>coordinaci\u00f3n operativa<\/strong>, el <strong>mantenimiento<\/strong> y la <strong>gesti\u00f3n de la flota<\/strong>. Es una parte clave de nuestra actividad diaria y un espacio esencial que opera detr\u00e1s de cada tour en moto de agua que realizamos.<\/p>\n<p>La zona de servicio est\u00e1 dedicada a la <strong>inspecci\u00f3n, mantenimiento y preparaci\u00f3n de las motos de agua<\/strong>, asegurando que cada unidad cumpla con nuestros <strong>est\u00e1ndares operativos y de seguridad<\/strong> antes de salir al mar. El dise\u00f1o y la organizaci\u00f3n del taller est\u00e1n inspirados en un <strong>box de F\u00f3rmula 1<\/strong>, pensados para la eficiencia, la precisi\u00f3n y la intervenci\u00f3n r\u00e1pida. El espacio est\u00e1 completamente equipado con <strong>herramientas de nivel profesional<\/strong>, incluyendo material de <strong>Beta Tools<\/strong>, una marca ampliamente utilizada en entornos de motorsport y mec\u00e1nica de alto rendimiento.<\/p>\n<p>Adem\u00e1s del taller t\u00e9cnico, esta ubicaci\u00f3n incluye <strong>espacios de oficina para reservas y operaciones<\/strong>, lo que permite al equipo gestionar <strong>reservas, log\u00edstica y coordinaci\u00f3n interna<\/strong> desde el mismo lugar donde se mantiene la flota. Esta integraci\u00f3n entre oficina y \u00e1rea t\u00e9cnica garantiza <strong>coherencia, control y tiempos de respuesta r\u00e1pidos<\/strong>.<\/p>\n<p>La instalaci\u00f3n cuenta tambi\u00e9n con <strong>zonas de almacenamiento seguro<\/strong> para equipos y materiales, as\u00ed como <strong>parking privado<\/strong>, convirti\u00e9ndose en un <strong>hub operativo completamente funcional<\/strong>. Los visitantes son bienvenidos a conocer esta parte del proyecto, ya que el propio centro t\u00e9cnico forma parte de lo que hace que esta ubicaci\u00f3n <strong>merezca la pena visitar<\/strong>y refleje el nivel de exigencia con el que opera jetski.club.<\/p>\n<p>[\/et_pb_text][\/et_pb_column][et_pb_column type=&#8221;1_2&#8243; _builder_version=&#8221;4.16&#8243; custom_padding=&#8221;|||&#8221; global_colors_info=&#8221;{}&#8221; custom_padding__hover=&#8221;|||&#8221;][et_pb_text _builder_version=&#8221;4.27.4&#8243; text_font=&#8221;||||||||&#8221; header_font=&#8221;|300|||||||&#8221; header_text_align=&#8221;center&#8221; header_font_size=&#8221;34px&#8221; header_letter_spacing=&#8221;8px&#8221; header_2_font=&#8221;|300|||||||&#8221; header_2_text_align=&#8221;center&#8221; header_2_font_size=&#8221;50px&#8221; header_2_letter_spacing=&#8221;7px&#8221; background_image=&#8221;https:\/\/yachtwatersports.com\/wp-content\/uploads\/2026\/03\/jetskiclub-building-ibiza.webp&#8221; custom_margin=&#8221;111px|||||&#8221; custom_padding=&#8221;||335px|||&#8221; global_colors_info=&#8221;{}&#8221;]<\/p>\n<h3 style=\"text-align: center;\"><\/h3>\n<h2><\/h2>\n<p>[\/et_pb_text][et_pb_text _builder_version=&#8221;4.27.4&#8243; text_font=&#8221;||||||||&#8221; header_font=&#8221;|300|||||||&#8221; header_text_align=&#8221;center&#8221; header_font_size=&#8221;34px&#8221; header_letter_spacing=&#8221;8px&#8221; header_2_font=&#8221;|300|||||||&#8221; header_2_text_align=&#8221;center&#8221; header_2_font_size=&#8221;50px&#8221; header_2_letter_spacing=&#8221;7px&#8221; global_colors_info=&#8221;{}&#8221;]<\/p>\n<h5 style=\"text-align: center;\">OFICINA RESERVAS &amp; CENTRO TECNICO JETSKI.CLUB IBIZA<\/h5>\n<p>[\/et_pb_text][\/et_pb_column][\/et_pb_row][et_pb_row column_structure=&#8221;1_3,1_3,1_3&#8243; use_custom_gutter=&#8221;on&#8221; gutter_width=&#8221;1&#8243; _builder_version=&#8221;4.16&#8243; width=&#8221;100%&#8221; max_width=&#8221;100%&#8221; custom_margin=&#8221;|auto||auto||&#8221; custom_margin_tablet=&#8221;&#8221; custom_margin_phone=&#8221;&#8221; custom_margin_last_edited=&#8221;on|desktop&#8221; custom_padding=&#8221;||0px|||&#8221; global_colors_info=&#8221;{}&#8221;][et_pb_column type=&#8221;1_3&#8243; _builder_version=&#8221;4.16&#8243; custom_padding=&#8221;|0px||0px&#8221; global_colors_info=&#8221;{}&#8221; custom_padding__hover=&#8221;|||&#8221;][et_pb_image src=&#8221;https:\/\/yachtwatersports.com\/wp-content\/uploads\/2026\/03\/TALLER1-1.webp&#8221; alt=&#8221;Sea-Doo jet ski inside professional maintenance workshop at jetski.club Ibiza&#8221; title_text=&#8221;jet-ski-workshop-ibiza-seadoo-maintenance&#8221; align_tablet=&#8221;center&#8221; align_phone=&#8221;center&#8221; align_last_edited=&#8221;on|desktop&#8221; _builder_version=&#8221;4.27.4&#8243; custom_margin=&#8221;||-4px|||&#8221; custom_padding=&#8221;||0px|||&#8221; global_colors_info=&#8221;{}&#8221;][\/et_pb_image][\/et_pb_column][et_pb_column type=&#8221;1_3&#8243; _builder_version=&#8221;4.16&#8243; custom_padding=&#8221;|0px||0px&#8221; global_colors_info=&#8221;{}&#8221; custom_padding__hover=&#8221;|||&#8221;][et_pb_image src=&#8221;https:\/\/yachtwatersports.com\/wp-content\/uploads\/2026\/03\/TALLER2.webp&#8221; alt=&#8221;Sea-Doo jet ski fleet inside jetski.club maintenance workshop in Ibiza&#8221; title_text=&#8221;seadoo-jet-ski-fleet-workshop-ibiza-jetskiclub&#8221; align_tablet=&#8221;center&#8221; align_phone=&#8221;center&#8221; align_last_edited=&#8221;on|desktop&#8221; _builder_version=&#8221;4.27.4&#8243; custom_margin=&#8221;||0px|||&#8221; global_colors_info=&#8221;{}&#8221;][\/et_pb_image][\/et_pb_column][et_pb_column type=&#8221;1_3&#8243; _builder_version=&#8221;4.16&#8243; custom_padding=&#8221;|0px||0px&#8221; global_colors_info=&#8221;{}&#8221; custom_padding__hover=&#8221;|||&#8221;][et_pb_image src=&#8221;https:\/\/yachtwatersports.com\/wp-content\/uploads\/2026\/03\/TALLER3.webp&#8221; alt=&#8221;Sea-Doo GTX jet ski being serviced in professional workshop at jetski.club Ibiza&#8221; title_text=&#8221;seadoo-gtx-jet-ski-workshop-ibiza-jetskiclub&#8221; align_tablet=&#8221;center&#8221; align_phone=&#8221;center&#8221; align_last_edited=&#8221;on|desktop&#8221; _builder_version=&#8221;4.27.4&#8243; global_colors_info=&#8221;{}&#8221;][\/et_pb_image][\/et_pb_column][\/et_pb_row][\/et_pb_section]<\/p>\n","protected":false},"excerpt":{"rendered":"<p>El centro t\u00e9cnico y oficina de reservas de jetski.club es el n\u00facleo operativo donde se gestionan las reservas, la log\u00edstica y el mantenimiento profesional de toda la flota de motos de agua en Ibiza.<\/p>\n","protected":false},"author":1,"featured_media":15398,"parent":0,"menu_order":0,"comment_status":"closed","ping_status":"closed","template":"","meta":{"_et_pb_use_builder":"on","_et_pb_old_content":"","_et_gb_content_width":"","footnotes":""},"class_list":["post-14554","page","type-page","status-publish","has-post-thumbnail","hentry"],"yoast_head":"<!-- This site is optimized with the Yoast SEO plugin v26.1.1 - https:\/\/yoast.com\/wordpress\/plugins\/seo\/ -->\n<title>Centro t\u00e9cnico y oficina de reservas de jetski.club en Marina Santa Eulalia<\/title>\n<meta name=\"description\" content=\"Centro t\u00e9cnico y oficina de reservas de jetski.club en Marina Santa Eulalia. Gesti\u00f3n de tours y mantenimiento de motos de agua del centro l\u00edder de jet ski en Ibiza.\" \/>\n<meta name=\"robots\" content=\"index, follow, max-snippet:-1, max-image-preview:large, max-video-preview:-1\" \/>\n<link rel=\"canonical\" href=\"https:\/\/yachtwatersports.com\/es\/centro-tecnico-oficina-reservas-jetski-club\/\" \/>\n<meta property=\"og:locale\" content=\"es_ES\" \/>\n<meta property=\"og:type\" content=\"article\" \/>\n<meta property=\"og:title\" content=\"Centro t\u00e9cnico y oficina de reservas de jetski.club en Marina Santa Eulalia\" \/>\n<meta property=\"og:description\" content=\"Centro t\u00e9cnico y oficina de reservas de jetski.club en Marina Santa Eulalia. Gesti\u00f3n de tours y mantenimiento de motos de agua del centro l\u00edder de jet ski en Ibiza.\" \/>\n<meta property=\"og:url\" content=\"https:\/\/yachtwatersports.com\/es\/centro-tecnico-oficina-reservas-jetski-club\/\" \/>\n<meta property=\"og:site_name\" content=\"Jet Ski Ibiza | Tours Guiados Oficiales | jetski.club\" \/>\n<meta property=\"article:modified_time\" content=\"2026-03-02T18:11:53+00:00\" \/>\n<meta property=\"og:image\" content=\"https:\/\/yachtwatersports.com\/wp-content\/uploads\/2022\/04\/Taller8-1-1200x900.jpg\" \/>\n\t<meta property=\"og:image:width\" content=\"1200\" \/>\n\t<meta property=\"og:image:height\" content=\"900\" \/>\n\t<meta property=\"og:image:type\" content=\"image\/jpeg\" \/>\n<meta name=\"twitter:card\" content=\"summary_large_image\" \/>\n<meta name=\"twitter:label1\" content=\"Tiempo de lectura\" \/>\n\t<meta name=\"twitter:data1\" content=\"3 minutos\" \/>\n<script type=\"application\/ld+json\" class=\"yoast-schema-graph\">{\"@context\":\"https:\/\/schema.org\",\"@graph\":[{\"@type\":\"WebPage\",\"@id\":\"https:\/\/yachtwatersports.com\/es\/centro-tecnico-oficina-reservas-jetski-club\/\",\"url\":\"https:\/\/yachtwatersports.com\/es\/centro-tecnico-oficina-reservas-jetski-club\/\",\"name\":\"Centro t\u00e9cnico y oficina de reservas de jetski.club en Marina Santa Eulalia\",\"isPartOf\":{\"@id\":\"https:\/\/yachtwatersports.com\/#website\"},\"primaryImageOfPage\":{\"@id\":\"https:\/\/yachtwatersports.com\/es\/centro-tecnico-oficina-reservas-jetski-club\/#primaryimage\"},\"image\":{\"@id\":\"https:\/\/yachtwatersports.com\/es\/centro-tecnico-oficina-reservas-jetski-club\/#primaryimage\"},\"thumbnailUrl\":\"https:\/\/yachtwatersports.com\/wp-content\/uploads\/2023\/01\/TALLER1.jpg\",\"datePublished\":\"2021-12-02T11:28:12+00:00\",\"dateModified\":\"2026-03-02T18:11:53+00:00\",\"description\":\"Centro t\u00e9cnico y oficina de reservas de jetski.club en Marina Santa Eulalia. Gesti\u00f3n de tours y mantenimiento de motos de agua del centro l\u00edder de jet ski en Ibiza.\",\"breadcrumb\":{\"@id\":\"https:\/\/yachtwatersports.com\/es\/centro-tecnico-oficina-reservas-jetski-club\/#breadcrumb\"},\"inLanguage\":\"es\",\"potentialAction\":[{\"@type\":\"ReadAction\",\"target\":[\"https:\/\/yachtwatersports.com\/es\/centro-tecnico-oficina-reservas-jetski-club\/\"]}]},{\"@type\":\"ImageObject\",\"inLanguage\":\"es\",\"@id\":\"https:\/\/yachtwatersports.com\/es\/centro-tecnico-oficina-reservas-jetski-club\/#primaryimage\",\"url\":\"https:\/\/yachtwatersports.com\/wp-content\/uploads\/2023\/01\/TALLER1.jpg\",\"contentUrl\":\"https:\/\/yachtwatersports.com\/wp-content\/uploads\/2023\/01\/TALLER1.jpg\",\"width\":700,\"height\":393},{\"@type\":\"BreadcrumbList\",\"@id\":\"https:\/\/yachtwatersports.com\/es\/centro-tecnico-oficina-reservas-jetski-club\/#breadcrumb\",\"itemListElement\":[{\"@type\":\"ListItem\",\"position\":1,\"name\":\"Portada\",\"item\":\"https:\/\/yachtwatersports.com\/es\/\"},{\"@type\":\"ListItem\",\"position\":2,\"name\":\"Centro t\u00e9cnico y oficina de reservas de jetski.club en Marina Santa Eulalia\"}]},{\"@type\":\"WebSite\",\"@id\":\"https:\/\/yachtwatersports.com\/#website\",\"url\":\"https:\/\/yachtwatersports.com\/\",\"name\":\"Jet Ski Ibiza | Tours Guiados Oficiales | jetski.club\",\"description\":\"Experiencias profesionales en Moto de Agua desde Marina Santa Eulalia\",\"publisher\":{\"@id\":\"https:\/\/yachtwatersports.com\/#organization\"},\"alternateName\":\"Yacht Watersports Ibiza\",\"potentialAction\":[{\"@type\":\"SearchAction\",\"target\":{\"@type\":\"EntryPoint\",\"urlTemplate\":\"https:\/\/yachtwatersports.com\/?s={search_term_string}\"},\"query-input\":{\"@type\":\"PropertyValueSpecification\",\"valueRequired\":true,\"valueName\":\"search_term_string\"}}],\"inLanguage\":\"es\"},{\"@type\":\"Organization\",\"@id\":\"https:\/\/yachtwatersports.com\/#organization\",\"name\":\"Yacht Watersports\",\"url\":\"https:\/\/yachtwatersports.com\/\",\"logo\":{\"@type\":\"ImageObject\",\"inLanguage\":\"es\",\"@id\":\"https:\/\/yachtwatersports.com\/#\/schema\/logo\/image\/\",\"url\":\"https:\/\/yachtwatersports.com\/wp-content\/uploads\/2019\/05\/g12.png\",\"contentUrl\":\"https:\/\/yachtwatersports.com\/wp-content\/uploads\/2019\/05\/g12.png\",\"width\":600,\"height\":130,\"caption\":\"Yacht Watersports\"},\"image\":{\"@id\":\"https:\/\/yachtwatersports.com\/#\/schema\/logo\/image\/\"}}]}<\/script>\n<!-- \/ Yoast SEO plugin. -->","yoast_head_json":{"title":"Centro t\u00e9cnico y oficina de reservas de jetski.club en Marina Santa Eulalia","description":"Centro t\u00e9cnico y oficina de reservas de jetski.club en Marina Santa Eulalia. Gesti\u00f3n de tours y mantenimiento de motos de agua del centro l\u00edder de jet ski en Ibiza.","robots":{"index":"index","follow":"follow","max-snippet":"max-snippet:-1","max-image-preview":"max-image-preview:large","max-video-preview":"max-video-preview:-1"},"canonical":"https:\/\/yachtwatersports.com\/es\/centro-tecnico-oficina-reservas-jetski-club\/","og_locale":"es_ES","og_type":"article","og_title":"Centro t\u00e9cnico y oficina de reservas de jetski.club en Marina Santa Eulalia","og_description":"Centro t\u00e9cnico y oficina de reservas de jetski.club en Marina Santa Eulalia. Gesti\u00f3n de tours y mantenimiento de motos de agua del centro l\u00edder de jet ski en Ibiza.","og_url":"https:\/\/yachtwatersports.com\/es\/centro-tecnico-oficina-reservas-jetski-club\/","og_site_name":"Jet Ski Ibiza | Tours Guiados Oficiales | jetski.club","article_modified_time":"2026-03-02T18:11:53+00:00","og_image":[{"width":1200,"height":900,"url":"https:\/\/yachtwatersports.com\/wp-content\/uploads\/2022\/04\/Taller8-1-1200x900.jpg","type":"image\/jpeg"}],"twitter_card":"summary_large_image","twitter_misc":{"Tiempo de lectura":"3 minutos"},"schema":{"@context":"https:\/\/schema.org","@graph":[{"@type":"WebPage","@id":"https:\/\/yachtwatersports.com\/es\/centro-tecnico-oficina-reservas-jetski-club\/","url":"https:\/\/yachtwatersports.com\/es\/centro-tecnico-oficina-reservas-jetski-club\/","name":"Centro t\u00e9cnico y oficina de reservas de jetski.club en Marina Santa Eulalia","isPartOf":{"@id":"https:\/\/yachtwatersports.com\/#website"},"primaryImageOfPage":{"@id":"https:\/\/yachtwatersports.com\/es\/centro-tecnico-oficina-reservas-jetski-club\/#primaryimage"},"image":{"@id":"https:\/\/yachtwatersports.com\/es\/centro-tecnico-oficina-reservas-jetski-club\/#primaryimage"},"thumbnailUrl":"https:\/\/yachtwatersports.com\/wp-content\/uploads\/2023\/01\/TALLER1.jpg","datePublished":"2021-12-02T11:28:12+00:00","dateModified":"2026-03-02T18:11:53+00:00","description":"Centro t\u00e9cnico y oficina de reservas de jetski.club en Marina Santa Eulalia. Gesti\u00f3n de tours y mantenimiento de motos de agua del centro l\u00edder de jet ski en Ibiza.","breadcrumb":{"@id":"https:\/\/yachtwatersports.com\/es\/centro-tecnico-oficina-reservas-jetski-club\/#breadcrumb"},"inLanguage":"es","potentialAction":[{"@type":"ReadAction","target":["https:\/\/yachtwatersports.com\/es\/centro-tecnico-oficina-reservas-jetski-club\/"]}]},{"@type":"ImageObject","inLanguage":"es","@id":"https:\/\/yachtwatersports.com\/es\/centro-tecnico-oficina-reservas-jetski-club\/#primaryimage","url":"https:\/\/yachtwatersports.com\/wp-content\/uploads\/2023\/01\/TALLER1.jpg","contentUrl":"https:\/\/yachtwatersports.com\/wp-content\/uploads\/2023\/01\/TALLER1.jpg","width":700,"height":393},{"@type":"BreadcrumbList","@id":"https:\/\/yachtwatersports.com\/es\/centro-tecnico-oficina-reservas-jetski-club\/#breadcrumb","itemListElement":[{"@type":"ListItem","position":1,"name":"Portada","item":"https:\/\/yachtwatersports.com\/es\/"},{"@type":"ListItem","position":2,"name":"Centro t\u00e9cnico y oficina de reservas de jetski.club en Marina Santa Eulalia"}]},{"@type":"WebSite","@id":"https:\/\/yachtwatersports.com\/#website","url":"https:\/\/yachtwatersports.com\/","name":"Jet Ski Ibiza | Tours Guiados Oficiales | jetski.club","description":"Experiencias profesionales en Moto de Agua desde Marina Santa Eulalia","publisher":{"@id":"https:\/\/yachtwatersports.com\/#organization"},"alternateName":"Yacht Watersports Ibiza","potentialAction":[{"@type":"SearchAction","target":{"@type":"EntryPoint","urlTemplate":"https:\/\/yachtwatersports.com\/?s={search_term_string}"},"query-input":{"@type":"PropertyValueSpecification","valueRequired":true,"valueName":"search_term_string"}}],"inLanguage":"es"},{"@type":"Organization","@id":"https:\/\/yachtwatersports.com\/#organization","name":"Yacht Watersports","url":"https:\/\/yachtwatersports.com\/","logo":{"@type":"ImageObject","inLanguage":"es","@id":"https:\/\/yachtwatersports.com\/#\/schema\/logo\/image\/","url":"https:\/\/yachtwatersports.com\/wp-content\/uploads\/2019\/05\/g12.png","contentUrl":"https:\/\/yachtwatersports.com\/wp-content\/uploads\/2019\/05\/g12.png","width":600,"height":130,"caption":"Yacht Watersports"},"image":{"@id":"https:\/\/yachtwatersports.com\/#\/schema\/logo\/image\/"}}]}},"_links":{"self":[{"href":"https:\/\/yachtwatersports.com\/es\/wp-json\/wp\/v2\/pages\/14554","targetHints":{"allow":["GET"]}}],"collection":[{"href":"https:\/\/yachtwatersports.com\/es\/wp-json\/wp\/v2\/pages"}],"about":[{"href":"https:\/\/yachtwatersports.com\/es\/wp-json\/wp\/v2\/types\/page"}],"author":[{"embeddable":true,"href":"https:\/\/yachtwatersports.com\/es\/wp-json\/wp\/v2\/users\/1"}],"replies":[{"embeddable":true,"href":"https:\/\/yachtwatersports.com\/es\/wp-json\/wp\/v2\/comments?post=14554"}],"version-history":[{"count":23,"href":"https:\/\/yachtwatersports.com\/es\/wp-json\/wp\/v2\/pages\/14554\/revisions"}],"predecessor-version":[{"id":18896,"href":"https:\/\/yachtwatersports.com\/es\/wp-json\/wp\/v2\/pages\/14554\/revisions\/18896"}],"wp:featuredmedia":[{"embeddable":true,"href":"https:\/\/yachtwatersports.com\/es\/wp-json\/wp\/v2\/media\/15398"}],"wp:attachment":[{"href":"https:\/\/yachtwatersports.com\/es\/wp-json\/wp\/v2\/media?parent=14554"}],"curies":[{"name":"wp","href":"https:\/\/api.w.org\/{rel}","templated":true}]}}